{"id":196,"date":"2015-07-30T12:23:29","date_gmt":"2015-07-30T10:23:29","guid":{"rendered":"http:\/\/www.klippitz.at\/winter\/?page_id=196"},"modified":"2026-01-23T10:56:15","modified_gmt":"2026-01-23T09:56:15","slug":"anfrage-verfuegbarkeit","status":"publish","type":"page","link":"https:\/\/www.klippitz.at\/winter\/anfrage-verfuegbarkeit\/","title":{"rendered":"Anfrage Verf\u00fcgbarkeit"},"content":{"rendered":"\n<style type=\"text\/css\" data-created_by=\"avia_inline_auto\" id=\"style-css-av-1qygqs-240b85d5ba2738d655af94a63d899e4f\">\n.flex_column.av-1qygqs-240b85d5ba2738d655af94a63d899e4f{\nborder-radius:0px 0px 0px 0px;\npadding:0px 0px 0px 0px;\n}\n<\/style>\n<div  class='flex_column av-1qygqs-240b85d5ba2738d655af94a63d899e4f av_one_full  avia-builder-el-0  avia-builder-el-no-sibling  first flex_column_div av-zero-column-padding  '     ><section  class='av_textblock_section av-1kptjw-661186fd5772784e52b6d1f18d452c54 '   itemscope=\"itemscope\" itemtype=\"https:\/\/schema.org\/CreativeWork\" ><div class='avia_textblock'  itemprop=\"text\" ><h2 class=\"post-title\">Bitte f\u00fcllen Sie das Anfrageformular aus.<\/h2>\n<p>Wir melden uns so schnell als m\u00f6glich bei Ihnen!<\/p>\n<\/div><\/section><br \/>\n<form action=\"https:\/\/www.klippitz.at\/winter\/anfrage-verfuegbarkeit\/\" method=\"post\" data-fields-with-error=\"Fehler wurden in folgenden Feld(ern) gefunden:\" class=\"avia_ajax_form av-form-labels-hidden   avia-builder-el-2  el_after_av_textblock  el_before_av_textblock   \" data-avia-form-id=\"1\" data-avia-redirect='' ><h3 class=''>Senden Sie uns eine E-Mail<\/h3><fieldset><p class='  first_form  form_element form_fullwidth' id='element_avia_1_1'><label for=\"avia_1_1\">Bitte die gew\u00fcnschte Unterkunft ausw\u00e4hlen<\/label><select  name=\"avia_1_1\" class=\"select \" id=\"avia_1_1\"><option class=\"av-placeholder\" disabled=\"disabled\" selected=\"selected\" value=''>Bitte die gew\u00fcnschte Unterkunft ausw\u00e4hlen<\/option><option   value='Allgemeine Anfrage'>Allgemeine Anfrage<\/option><option   value='Hotel**** Alpengasthof Hochegger'>Hotel**** Alpengasthof Hochegger<\/option><option   value='Hotel**** Moselebauer'>Hotel**** Moselebauer<\/option><option   value='Hotel-Gasthof*** Buchbauer'>Hotel-Gasthof*** Buchbauer<\/option><option   value='Almh\u00fctten Moselebauer'>Almh\u00fctten Moselebauer<\/option><option   value='Landgasthof Neugebauer'>Landgasthof Neugebauer<\/option><option   value='Panoramahotel Frisacherhof***'>Panoramahotel Frisacherhof***<\/option><option   value='Almhaus Klippitz'>Almhaus Klippitz<\/option><option   value='Almh\u00fcttendorf Klippitzt\u00f6rl'>Almh\u00fcttendorf Klippitzt\u00f6rl<\/option><option   value='Bergfee'>Bergfee<\/option><option   value='Wildbachh\u00fctte'>Wildbachh\u00fctte<\/option><option   value='Dornerh\u00fctten'>Dornerh\u00fctten<\/option><option   value='Weberh\u00fctte'>Weberh\u00fctte<\/option><option   value='Primush\u00fctten'>Primush\u00fctten<\/option><option   value='Almhaus am Hohenwart'>Almhaus am Hohenwart<\/option><option   value='Bischofh\u00fctten'>Bischofh\u00fctten<\/option><option   value='Guglh\u00fctte'>Guglh\u00fctte<\/option><option   value='Chalet Klippitzstern'>Chalet Klippitzstern<\/option><option   value='Klippitzh\u00fctte'>Klippitzh\u00fctte<\/option><option   value='Chalet Klippitzsonne'>Chalet Klippitzsonne<\/option><option   value='Haus Christine'>Haus Christine<\/option><option   value='Haus Renate'>Haus Renate<\/option><option   value='Klippitzhimmel'>Klippitzhimmel<\/option><option   value='Almh\u00fctte Geierkogelblick'>Almh\u00fctte Geierkogelblick<\/option><option   value='Klippitzh\u00e4usl'>Klippitzh\u00e4usl<\/option><option   value='Klippitzrose'>Klippitzrose<\/option><option   value='Lavanttalblick'>Lavanttalblick<\/option><option   value='Zirbenchalet'>Zirbenchalet<\/option><\/select><\/p><p class='  first_form  form_element form_fullwidth' id='element_avia_2_1'><label for=\"avia_2_1\">Name <abbr class=\"required\" title=\"ben\u00f6tigt\">*<\/abbr><\/label> <input name=\"avia_2_1\" class=\"text_input is_empty\" type=\"text\" id=\"avia_2_1\" value=\"\"  placeholder='Name*'\/><\/p><p class='  first_form  form_element form_fullwidth' id='element_avia_3_1'><label for=\"avia_3_1\">E-Mail <abbr class=\"required\" title=\"ben\u00f6tigt\">*<\/abbr><\/label> <input name=\"avia_3_1\" class=\"text_input is_email\" type=\"text\" id=\"avia_3_1\" value=\"\"  placeholder='E-Mail*'\/><\/p><p class='  first_form  form_element form_element_half' id='element_avia_4_1'><label for=\"avia_4_1\">Anreise <abbr class=\"required\" title=\"ben\u00f6tigt\">*<\/abbr><\/label> <input name=\"avia_4_1\" class=\"avia_datepicker text_input is_empty\" type=\"text\" id=\"avia_4_1\" value=\"\" placeholder=\"Anreise*\" inputmode=\"none\" \/><\/p><p class='  form_element form_element_half' id='element_avia_5_1'><label for=\"avia_5_1\">Abreise <abbr class=\"required\" title=\"ben\u00f6tigt\">*<\/abbr><\/label> <input name=\"avia_5_1\" class=\"avia_datepicker text_input is_empty\" type=\"text\" id=\"avia_5_1\" value=\"\" placeholder=\"Abreise*\" inputmode=\"none\" \/><\/p><p class='  first_form  form_element form_fullwidth' id='element_avia_6_1'><label for=\"avia_6_1\" class=\"textare_label hidden textare_label_avia_6_1\">Nachricht <abbr class=\"required\" title=\"ben\u00f6tigt\">*<\/abbr><\/label><textarea  placeholder='Nachricht*' name=\"avia_6_1\" class=\"text_area is_empty\" cols=\"40\" rows=\"7\" id=\"avia_6_1\" ><\/textarea><\/p><p class=\"hidden\"><input type=\"text\" name=\"avia_7_1\" class=\"hidden \" id=\"avia_7_1\" value=\"\" \/><\/p><p class='   form_element form_fullwidth' id='element_avia_8_1'><span class='value_verifier_label'>2 + 2 = ?<\/span><input name=\"avia_8_1_verifier\" type=\"hidden\" id=\"avia_8_1_verifier\" value=\"637524426\"\/><label for=\"avia_8_1\">Bitte l\u00f6se die Gleichung. Diese Ma\u00dfnahme dient der Abwehr von Spam <abbr class=\"required\" title=\"ben\u00f6tigt\">*<\/abbr><\/label><input name=\"avia_8_1\" class=\"text_input captcha\" type=\"text\" id=\"avia_8_1\" value=\"\"\/><\/p><p class=\"form_element \"><input type=\"hidden\" value=\"1\" name=\"avia_generated_form1\" \/><input type=\"submit\" value=\"Senden\" class=\"button\"  data-sending-label=\"Sende\"\/><\/p><\/fieldset><\/form><div id=\"ajaxresponse_1\" class=\"ajaxresponse ajaxresponse_1 hidden\"><\/div><br \/>\n<section  class='av_textblock_section av-7fln0-4ecd18882c0a174bb285f43aa78d838c '   itemscope=\"itemscope\" itemtype=\"https:\/\/schema.org\/CreativeWork\" ><div class='avia_textblock'  itemprop=\"text\" ><p><strong>Ihr Klippitzt\u00f6rl Team!<\/strong><\/p>\n<\/div><\/section><\/p><\/div>\n","protected":false},"excerpt":{"rendered":"","protected":false},"author":1,"featured_media":0,"parent":0,"menu_order":0,"comment_status":"open","ping_status":"open","template":"","meta":{"footnotes":""},"class_list":["post-196","page","type-page","status-publish","hentry"],"yoast_head":"<!-- This site is optimized with the Yoast SEO plugin v26.8 - https:\/\/yoast.com\/product\/yoast-seo-wordpress\/ -->\n<title>Anfrage Verf\u00fcgbarkeit - Klippitz Winter<\/title>\n<meta name=\"robots\" content=\"index, follow, max-snippet:-1, max-image-preview:large, max-video-preview:-1\" \/>\n<link rel=\"canonical\" href=\"https:\/\/www.klippitz.at\/winter\/anfrage-verfuegbarkeit\/\" \/>\n<meta property=\"og:locale\" content=\"de_DE\" \/>\n<meta property=\"og:type\" content=\"article\" \/>\n<meta property=\"og:title\" content=\"Anfrage Verf\u00fcgbarkeit - Klippitz Winter\" \/>\n<meta property=\"og:url\" content=\"https:\/\/www.klippitz.at\/winter\/anfrage-verfuegbarkeit\/\" \/>\n<meta property=\"og:site_name\" content=\"Klippitz Winter\" \/>\n<meta property=\"article:publisher\" content=\"https:\/\/www.facebook.com\/klippitz\" \/>\n<meta property=\"article:modified_time\" content=\"2026-01-23T09:56:15+00:00\" \/>\n<meta name=\"twitter:label1\" content=\"Gesch\u00e4tzte Lesezeit\" \/>\n\t<meta name=\"twitter:data1\" content=\"1\u00a0Minute\" \/>\n<script type=\"application\/ld+json\" class=\"yoast-schema-graph\">{\"@context\":\"https:\/\/schema.org\",\"@graph\":[{\"@type\":\"WebPage\",\"@id\":\"https:\/\/www.klippitz.at\/winter\/anfrage-verfuegbarkeit\/\",\"url\":\"https:\/\/www.klippitz.at\/winter\/anfrage-verfuegbarkeit\/\",\"name\":\"Anfrage Verf\u00fcgbarkeit - Klippitz Winter\",\"isPartOf\":{\"@id\":\"https:\/\/www.klippitz.at\/winter\/#website\"},\"datePublished\":\"2015-07-30T10:23:29+00:00\",\"dateModified\":\"2026-01-23T09:56:15+00:00\",\"breadcrumb\":{\"@id\":\"https:\/\/www.klippitz.at\/winter\/anfrage-verfuegbarkeit\/#breadcrumb\"},\"inLanguage\":\"de\",\"potentialAction\":[{\"@type\":\"ReadAction\",\"target\":[\"https:\/\/www.klippitz.at\/winter\/anfrage-verfuegbarkeit\/\"]}]},{\"@type\":\"BreadcrumbList\",\"@id\":\"https:\/\/www.klippitz.at\/winter\/anfrage-verfuegbarkeit\/#breadcrumb\",\"itemListElement\":[{\"@type\":\"ListItem\",\"position\":1,\"name\":\"Startseite\",\"item\":\"https:\/\/www.klippitz.at\/winter\/home\/\"},{\"@type\":\"ListItem\",\"position\":2,\"name\":\"Anfrage Verf\u00fcgbarkeit\"}]},{\"@type\":\"WebSite\",\"@id\":\"https:\/\/www.klippitz.at\/winter\/#website\",\"url\":\"https:\/\/www.klippitz.at\/winter\/\",\"name\":\"Klippitz Winter\",\"description\":\"Eine weitere WordPress-Seite\",\"potentialAction\":[{\"@type\":\"SearchAction\",\"target\":{\"@type\":\"EntryPoint\",\"urlTemplate\":\"https:\/\/www.klippitz.at\/winter\/?s={search_term_string}\"},\"query-input\":{\"@type\":\"PropertyValueSpecification\",\"valueRequired\":true,\"valueName\":\"search_term_string\"}}],\"inLanguage\":\"de\"}]}<\/script>\n<!-- \/ Yoast SEO plugin. -->","yoast_head_json":{"title":"Anfrage Verf\u00fcgbarkeit - Klippitz Winter","robots":{"index":"index","follow":"follow","max-snippet":"max-snippet:-1","max-image-preview":"max-image-preview:large","max-video-preview":"max-video-preview:-1"},"canonical":"https:\/\/www.klippitz.at\/winter\/anfrage-verfuegbarkeit\/","og_locale":"de_DE","og_type":"article","og_title":"Anfrage Verf\u00fcgbarkeit - Klippitz Winter","og_url":"https:\/\/www.klippitz.at\/winter\/anfrage-verfuegbarkeit\/","og_site_name":"Klippitz Winter","article_publisher":"https:\/\/www.facebook.com\/klippitz","article_modified_time":"2026-01-23T09:56:15+00:00","twitter_misc":{"Gesch\u00e4tzte Lesezeit":"1\u00a0Minute"},"schema":{"@context":"https:\/\/schema.org","@graph":[{"@type":"WebPage","@id":"https:\/\/www.klippitz.at\/winter\/anfrage-verfuegbarkeit\/","url":"https:\/\/www.klippitz.at\/winter\/anfrage-verfuegbarkeit\/","name":"Anfrage Verf\u00fcgbarkeit - Klippitz Winter","isPartOf":{"@id":"https:\/\/www.klippitz.at\/winter\/#website"},"datePublished":"2015-07-30T10:23:29+00:00","dateModified":"2026-01-23T09:56:15+00:00","breadcrumb":{"@id":"https:\/\/www.klippitz.at\/winter\/anfrage-verfuegbarkeit\/#breadcrumb"},"inLanguage":"de","potentialAction":[{"@type":"ReadAction","target":["https:\/\/www.klippitz.at\/winter\/anfrage-verfuegbarkeit\/"]}]},{"@type":"BreadcrumbList","@id":"https:\/\/www.klippitz.at\/winter\/anfrage-verfuegbarkeit\/#breadcrumb","itemListElement":[{"@type":"ListItem","position":1,"name":"Startseite","item":"https:\/\/www.klippitz.at\/winter\/home\/"},{"@type":"ListItem","position":2,"name":"Anfrage Verf\u00fcgbarkeit"}]},{"@type":"WebSite","@id":"https:\/\/www.klippitz.at\/winter\/#website","url":"https:\/\/www.klippitz.at\/winter\/","name":"Klippitz Winter","description":"Eine weitere WordPress-Seite","potentialAction":[{"@type":"SearchAction","target":{"@type":"EntryPoint","urlTemplate":"https:\/\/www.klippitz.at\/winter\/?s={search_term_string}"},"query-input":{"@type":"PropertyValueSpecification","valueRequired":true,"valueName":"search_term_string"}}],"inLanguage":"de"}]}},"_links":{"self":[{"href":"https:\/\/www.klippitz.at\/winter\/wp-json\/wp\/v2\/pages\/196","targetHints":{"allow":["GET"]}}],"collection":[{"href":"https:\/\/www.klippitz.at\/winter\/wp-json\/wp\/v2\/pages"}],"about":[{"href":"https:\/\/www.klippitz.at\/winter\/wp-json\/wp\/v2\/types\/page"}],"author":[{"embeddable":true,"href":"https:\/\/www.klippitz.at\/winter\/wp-json\/wp\/v2\/users\/1"}],"replies":[{"embeddable":true,"href":"https:\/\/www.klippitz.at\/winter\/wp-json\/wp\/v2\/comments?post=196"}],"version-history":[{"count":4,"href":"https:\/\/www.klippitz.at\/winter\/wp-json\/wp\/v2\/pages\/196\/revisions"}],"predecessor-version":[{"id":4443,"href":"https:\/\/www.klippitz.at\/winter\/wp-json\/wp\/v2\/pages\/196\/revisions\/4443"}],"wp:attachment":[{"href":"https:\/\/www.klippitz.at\/winter\/wp-json\/wp\/v2\/media?parent=196"}],"curies":[{"name":"wp","href":"https:\/\/api.w.org\/{rel}","templated":true}]}}