{"id":189,"date":"2015-07-30T12:13:57","date_gmt":"2015-07-30T10:13:57","guid":{"rendered":"http:\/\/www.klippitz.at\/winter\/?page_id=189"},"modified":"2023-03-21T08:28:31","modified_gmt":"2023-03-21T07:28:31","slug":"impressum","status":"publish","type":"page","link":"https:\/\/www.klippitz.at\/winter\/impressum\/","title":{"rendered":"Impressum"},"content":{"rendered":"<div id='av_section_1'  class='avia-section av-1calnh-98550ba232b3bf5875b10b698e6b3aab main_color avia-section-no-padding avia-no-shadow  avia-builder-el-0  el_before_av_one_half  avia-builder-el-first  avia-bg-style-scroll av-minimum-height av-minimum-height-custom av-height-custom  container_wrap sidebar_right'   data-av_minimum_height_px='400'><div class='container av-section-cont-open' style='height:400px'><main  role=\"main\" itemprop=\"mainContentOfPage\"  class='template-page content  av-content-small alpha units'><div class='post-entry post-entry-type-page post-entry-189'><div class='entry-content-wrapper clearfix'>\n\n<style type=\"text\/css\" data-created_by=\"avia_inline_auto\" id=\"style-css-av-17657x-dac87d8e1f829dfdb02ad7eae78cadea\">\n#top .av-special-heading.av-17657x-dac87d8e1f829dfdb02ad7eae78cadea{\npadding-bottom:10px;\ncolor:#ffffff;\n}\nbody .av-special-heading.av-17657x-dac87d8e1f829dfdb02ad7eae78cadea .av-special-heading-tag .heading-char{\nfont-size:25px;\n}\n.av-special-heading.av-17657x-dac87d8e1f829dfdb02ad7eae78cadea .special-heading-inner-border{\nborder-color:#ffffff;\n}\n.av-special-heading.av-17657x-dac87d8e1f829dfdb02ad7eae78cadea .av-subheading{\nfont-size:15px;\n}\n<\/style>\n<div  class='av-special-heading av-17657x-dac87d8e1f829dfdb02ad7eae78cadea av-special-heading-h1 custom-color-heading blockquote modern-quote  avia-builder-el-1  avia-builder-el-no-sibling '><h1 class='av-special-heading-tag '  itemprop=\"headline\"  >Impressum<\/h1><div class=\"special-heading-border\"><div class=\"special-heading-inner-border\"><\/div><\/div><\/div>\n<\/div><\/div><\/main><!-- close content main element --><\/div><\/div><div id='after_section_1'  class='main_color av_default_container_wrap container_wrap sidebar_right'  ><div class='container av-section-cont-open' ><div class='template-page content  av-content-small alpha units'><div class='post-entry post-entry-type-page post-entry-189'><div class='entry-content-wrapper clearfix'>\n\n<style type=\"text\/css\" data-created_by=\"avia_inline_auto\" id=\"style-css-av-14ho85-5f2234985f28e85d0d97e2846e77ac1c\">\n.flex_column.av-14ho85-5f2234985f28e85d0d97e2846e77ac1c{\nborder-radius:0px 0px 0px 0px;\npadding:0px 0px 0px 0px;\n}\n<\/style>\n<div  class='flex_column av-14ho85-5f2234985f28e85d0d97e2846e77ac1c av_one_half  avia-builder-el-2  el_after_av_section  el_before_av_one_half  avia-builder-el-first  first flex_column_div av-zero-column-padding  '     ><section  class='av_textblock_section av-wo23x-2aa2b5a9ab8f55350a258281dec1fc2e '   itemscope=\"itemscope\" itemtype=\"https:\/\/schema.org\/CreativeWork\" ><div class='avia_textblock'  itemprop=\"text\" ><h2 class=\"post-title\">Impressum<\/h2>\n<h2>Firma:\u00a0Klippitzt\u00f6rl Touristik GesnbR<\/h2>\n<p>Sitz: \u00d6sterreich<br \/>\nGesch\u00e4ftanschrift: 9462 Bad St. Leonhard, Klippitzt\u00f6rl 26<br \/>\nATU\/UID-Nummer: ATU 26924102<br \/>\nTelefon: 0043 4350\/8166<br \/>\nMail:\u00a0<a href=\"mailto:office@klippitz.at\">office@klippitz.at<\/a><br \/>\nUnternehmensgegenstand: Fremdenverkehrswerbung<br \/>\nRechtsform: Erwerbsgesellschaft nach b\u00fcrgerlichem Recht<br \/>\nFinanzamt: St. Veit Wolfsberg<\/p>\n<\/div><\/section><\/div>\n<style type=\"text\/css\" data-created_by=\"avia_inline_auto\" id=\"style-css-av-t6tmd-3f0cda978cf220fd2d1c529f791751e3\">\n.flex_column.av-t6tmd-3f0cda978cf220fd2d1c529f791751e3{\nborder-radius:0px 0px 0px 0px;\npadding:0px 0px 0px 0px;\n}\n<\/style>\n<div  class='flex_column av-t6tmd-3f0cda978cf220fd2d1c529f791751e3 av_one_half  avia-builder-el-4  el_after_av_one_half  el_before_av_hr  flex_column_div av-zero-column-padding  '     ><section  class='av_textblock_section av-l3owt-6bef0852a1fb23ff5717c3f162dfe8e8 '   itemscope=\"itemscope\" itemtype=\"https:\/\/schema.org\/CreativeWork\" ><div class='avia_textblock'  itemprop=\"text\" ><h2>Copyrightbestimmungen<\/h2>\n<p>Die auf der Website der Klippitzt\u00f6rl-Touristik angebotenen Angaben wurden von der Klippitzt\u00f6rl-Touristik GesnbR bereitgestellt und dienen allein Ihrer Information. Die Inhalte unterliegen dem Urheberrecht und d\u00fcrfen nicht ohne vorherige schriftliche Zustimmung der Klippitzt\u00f6rl-Touristik GesnbR\u00a0weder als Ganzes noch in Teilen verbreitet, ver\u00e4ndert oder kopiert werden. Die auf dieser Website eingebundenen Bilder d\u00fcrfen nicht ohne vorherige schriftliche Zustimmung der Klippitzt\u00f6rl-Touristik verwendet werden. Die Klippitzt\u00f6rl-Touristik GesnbR\u00a0\u00fcbernimmt keinerlei Verantwortung in Bezug auf Inhalte von Websites, zu denen man von der Informationsplattform der Klippitzt\u00f6rl-Touristik GesnbR\u00a0gelangen kann.<\/p>\n<h2>Website<\/h2>\n<p><a href=\"http:\/\/www.pitschdesign.com\/\" target=\"_blank\" rel=\"noopener\">PITSCHDESIGN<\/a><\/p>\n<\/div><\/section><\/div><\/p>\n\n<style type=\"text\/css\" data-created_by=\"avia_inline_auto\" id=\"style-css-av-ghqdh-42fe4af920aa2a5b046c48b749417ee8\">\n#top .hr.hr-invisible.av-ghqdh-42fe4af920aa2a5b046c48b749417ee8{\nheight:25px;\n}\n<\/style>\n<div  class='hr av-ghqdh-42fe4af920aa2a5b046c48b749417ee8 hr-invisible  avia-builder-el-6  el_after_av_one_half  el_before_av_image '><span class='hr-inner '><span class=\"hr-inner-style\"><\/span><\/span><\/div>\n\n<style type=\"text\/css\" data-created_by=\"avia_inline_auto\" id=\"style-css-av-awvnx-ccd786e21b131c50e7cb38670eeb5605\">\n.avia-image-container.av-awvnx-ccd786e21b131c50e7cb38670eeb5605 img.avia_image{\nbox-shadow:none;\n}\n.avia-image-container.av-awvnx-ccd786e21b131c50e7cb38670eeb5605 .av-image-caption-overlay-center{\ncolor:#ffffff;\n}\n<\/style>\n<div  class='avia-image-container av-awvnx-ccd786e21b131c50e7cb38670eeb5605 av-styling- av-img-linked avia_animated_image av-animated-when-visible-95 top-to-bottom avia-align-center  avia-builder-el-7  el_after_av_hr  avia-builder-el-last '   itemprop=\"image\" itemscope=\"itemscope\" itemtype=\"https:\/\/schema.org\/ImageObject\" ><div class=\"avia-image-container-inner\"><div class=\"avia-image-overlay-wrap\"><a href=\"#top\" class='avia_image '  aria-label='Erlebnis am Berg'><img decoding=\"async\" fetchpriority=\"high\" class='wp-image-40 avia-img-lazy-loading-not-40 avia_image ' src=\"https:\/\/www.klippitz.at\/winter\/wp-content\/uploads\/2015\/04\/erlebnis-am-berg-300.png\" alt='' title='Erlebnis am Berg'  height=\"72\" width=\"300\"  itemprop=\"thumbnailUrl\"  \/><\/a><\/div><\/div><\/div>\n","protected":false},"excerpt":{"rendered":"","protected":false},"author":1,"featured_media":0,"parent":0,"menu_order":0,"comment_status":"open","ping_status":"open","template":"","meta":{"footnotes":""},"class_list":["post-189","page","type-page","status-publish","hentry"],"yoast_head":"<!-- This site is optimized with the Yoast SEO plugin v26.8 - https:\/\/yoast.com\/product\/yoast-seo-wordpress\/ -->\n<title>Impressum - Klippitz Winter<\/title>\n<meta name=\"robots\" content=\"index, follow, max-snippet:-1, max-image-preview:large, max-video-preview:-1\" \/>\n<link rel=\"canonical\" href=\"https:\/\/www.klippitz.at\/winter\/impressum\/\" \/>\n<meta property=\"og:locale\" content=\"de_DE\" \/>\n<meta property=\"og:type\" content=\"article\" \/>\n<meta property=\"og:title\" content=\"Impressum - Klippitz Winter\" \/>\n<meta property=\"og:url\" content=\"https:\/\/www.klippitz.at\/winter\/impressum\/\" \/>\n<meta property=\"og:site_name\" content=\"Klippitz Winter\" \/>\n<meta property=\"article:publisher\" content=\"https:\/\/www.facebook.com\/klippitz\" \/>\n<meta property=\"article:modified_time\" content=\"2023-03-21T07:28:31+00:00\" \/>\n<meta name=\"twitter:label1\" content=\"Gesch\u00e4tzte Lesezeit\" \/>\n\t<meta name=\"twitter:data1\" content=\"3\u00a0Minuten\" \/>\n<script type=\"application\/ld+json\" class=\"yoast-schema-graph\">{\"@context\":\"https:\/\/schema.org\",\"@graph\":[{\"@type\":\"WebPage\",\"@id\":\"https:\/\/www.klippitz.at\/winter\/impressum\/\",\"url\":\"https:\/\/www.klippitz.at\/winter\/impressum\/\",\"name\":\"Impressum - Klippitz Winter\",\"isPartOf\":{\"@id\":\"https:\/\/www.klippitz.at\/winter\/#website\"},\"datePublished\":\"2015-07-30T10:13:57+00:00\",\"dateModified\":\"2023-03-21T07:28:31+00:00\",\"breadcrumb\":{\"@id\":\"https:\/\/www.klippitz.at\/winter\/impressum\/#breadcrumb\"},\"inLanguage\":\"de\",\"potentialAction\":[{\"@type\":\"ReadAction\",\"target\":[\"https:\/\/www.klippitz.at\/winter\/impressum\/\"]}]},{\"@type\":\"BreadcrumbList\",\"@id\":\"https:\/\/www.klippitz.at\/winter\/impressum\/#breadcrumb\",\"itemListElement\":[{\"@type\":\"ListItem\",\"position\":1,\"name\":\"Startseite\",\"item\":\"https:\/\/www.klippitz.at\/winter\/home\/\"},{\"@type\":\"ListItem\",\"position\":2,\"name\":\"Impressum\"}]},{\"@type\":\"WebSite\",\"@id\":\"https:\/\/www.klippitz.at\/winter\/#website\",\"url\":\"https:\/\/www.klippitz.at\/winter\/\",\"name\":\"Klippitz Winter\",\"description\":\"Eine weitere WordPress-Seite\",\"potentialAction\":[{\"@type\":\"SearchAction\",\"target\":{\"@type\":\"EntryPoint\",\"urlTemplate\":\"https:\/\/www.klippitz.at\/winter\/?s={search_term_string}\"},\"query-input\":{\"@type\":\"PropertyValueSpecification\",\"valueRequired\":true,\"valueName\":\"search_term_string\"}}],\"inLanguage\":\"de\"}]}<\/script>\n<!-- \/ Yoast SEO plugin. -->","yoast_head_json":{"title":"Impressum - Klippitz Winter","robots":{"index":"index","follow":"follow","max-snippet":"max-snippet:-1","max-image-preview":"max-image-preview:large","max-video-preview":"max-video-preview:-1"},"canonical":"https:\/\/www.klippitz.at\/winter\/impressum\/","og_locale":"de_DE","og_type":"article","og_title":"Impressum - Klippitz Winter","og_url":"https:\/\/www.klippitz.at\/winter\/impressum\/","og_site_name":"Klippitz Winter","article_publisher":"https:\/\/www.facebook.com\/klippitz","article_modified_time":"2023-03-21T07:28:31+00:00","twitter_misc":{"Gesch\u00e4tzte Lesezeit":"3\u00a0Minuten"},"schema":{"@context":"https:\/\/schema.org","@graph":[{"@type":"WebPage","@id":"https:\/\/www.klippitz.at\/winter\/impressum\/","url":"https:\/\/www.klippitz.at\/winter\/impressum\/","name":"Impressum - Klippitz Winter","isPartOf":{"@id":"https:\/\/www.klippitz.at\/winter\/#website"},"datePublished":"2015-07-30T10:13:57+00:00","dateModified":"2023-03-21T07:28:31+00:00","breadcrumb":{"@id":"https:\/\/www.klippitz.at\/winter\/impressum\/#breadcrumb"},"inLanguage":"de","potentialAction":[{"@type":"ReadAction","target":["https:\/\/www.klippitz.at\/winter\/impressum\/"]}]},{"@type":"BreadcrumbList","@id":"https:\/\/www.klippitz.at\/winter\/impressum\/#breadcrumb","itemListElement":[{"@type":"ListItem","position":1,"name":"Startseite","item":"https:\/\/www.klippitz.at\/winter\/home\/"},{"@type":"ListItem","position":2,"name":"Impressum"}]},{"@type":"WebSite","@id":"https:\/\/www.klippitz.at\/winter\/#website","url":"https:\/\/www.klippitz.at\/winter\/","name":"Klippitz Winter","description":"Eine weitere WordPress-Seite","potentialAction":[{"@type":"SearchAction","target":{"@type":"EntryPoint","urlTemplate":"https:\/\/www.klippitz.at\/winter\/?s={search_term_string}"},"query-input":{"@type":"PropertyValueSpecification","valueRequired":true,"valueName":"search_term_string"}}],"inLanguage":"de"}]}},"_links":{"self":[{"href":"https:\/\/www.klippitz.at\/winter\/wp-json\/wp\/v2\/pages\/189","targetHints":{"allow":["GET"]}}],"collection":[{"href":"https:\/\/www.klippitz.at\/winter\/wp-json\/wp\/v2\/pages"}],"about":[{"href":"https:\/\/www.klippitz.at\/winter\/wp-json\/wp\/v2\/types\/page"}],"author":[{"embeddable":true,"href":"https:\/\/www.klippitz.at\/winter\/wp-json\/wp\/v2\/users\/1"}],"replies":[{"embeddable":true,"href":"https:\/\/www.klippitz.at\/winter\/wp-json\/wp\/v2\/comments?post=189"}],"version-history":[{"count":4,"href":"https:\/\/www.klippitz.at\/winter\/wp-json\/wp\/v2\/pages\/189\/revisions"}],"predecessor-version":[{"id":4312,"href":"https:\/\/www.klippitz.at\/winter\/wp-json\/wp\/v2\/pages\/189\/revisions\/4312"}],"wp:attachment":[{"href":"https:\/\/www.klippitz.at\/winter\/wp-json\/wp\/v2\/media?parent=189"}],"curies":[{"name":"wp","href":"https:\/\/api.w.org\/{rel}","templated":true}]}}