{"id":478,"date":"2015-01-28T15:51:30","date_gmt":"2015-01-28T14:51:30","guid":{"rendered":"http:\/\/www.klippitz.at\/sommer\/?page_id=478"},"modified":"2023-09-07T08:39:06","modified_gmt":"2023-09-07T06:39:06","slug":"impressum","status":"publish","type":"page","link":"https:\/\/www.klippitz.at\/sommer\/impressum\/","title":{"rendered":"Impressum"},"content":{"rendered":"\n<style type=\"text\/css\" data-created_by=\"avia_inline_auto\" id=\"style-css-av-15hoqu-3107ed6173d3301894ec316ed8085be1\">\n.avia-section.av-15hoqu-3107ed6173d3301894ec316ed8085be1{\nbackground-repeat:no-repeat;\nbackground-image:url(https:\/\/www.klippitz.at\/sommer\/wp-content\/uploads\/2015\/01\/preise-opti.jpg);\nbackground-position:50% 50%;\nbackground-attachment:scroll;\n}\n<\/style>\n<div id='av_section_1'  class='avia-section av-15hoqu-3107ed6173d3301894ec316ed8085be1 main_color avia-section-no-padding avia-no-shadow  avia-builder-el-0  el_before_av_one_half  avia-builder-el-first  avia-full-stretch avia-bg-style-scroll av-minimum-height av-minimum-height-custom av-height-custom  container_wrap sidebar_right'  data-section-bg-repeat='stretch' data-av_minimum_height_px='400'><div class='container av-section-cont-open' style='height:400px'><main  role=\"main\" itemprop=\"mainContentOfPage\"  class='template-page content  av-content-small alpha units'><div class='post-entry post-entry-type-page post-entry-478'><div class='entry-content-wrapper clearfix'>\n\n<style type=\"text\/css\" data-created_by=\"avia_inline_auto\" id=\"style-css-av-zd8se-85ead8fc8eaf9838a42c0e91d602f094\">\n#top .av-special-heading.av-zd8se-85ead8fc8eaf9838a42c0e91d602f094{\npadding-bottom:10px;\ncolor:#ffffff;\n}\nbody .av-special-heading.av-zd8se-85ead8fc8eaf9838a42c0e91d602f094 .av-special-heading-tag .heading-char{\nfont-size:25px;\n}\n.av-special-heading.av-zd8se-85ead8fc8eaf9838a42c0e91d602f094 .special-heading-inner-border{\nborder-color:#ffffff;\n}\n.av-special-heading.av-zd8se-85ead8fc8eaf9838a42c0e91d602f094 .av-subheading{\nfont-size:15px;\n}\n<\/style>\n<div  class='av-special-heading av-zd8se-85ead8fc8eaf9838a42c0e91d602f094 av-special-heading-h1 custom-color-heading  avia-builder-el-1  avia-builder-el-no-sibling '><h1 class='av-special-heading-tag '  itemprop=\"headline\"  >Impressum<\/h1><div class=\"special-heading-border\"><div class=\"special-heading-inner-border\"><\/div><\/div><\/div>\n<\/div><\/div><\/main><!-- close content main element --><\/div><\/div><div id='after_section_1'  class='main_color av_default_container_wrap container_wrap sidebar_right'  ><div class='container av-section-cont-open' ><div class='template-page content  av-content-small alpha units'><div class='post-entry post-entry-type-page post-entry-478'><div class='entry-content-wrapper clearfix'>\n<div  class='flex_column av-pzdza-1462e3701a8ebbf3f922a4db5f517271 av_one_half  avia-builder-el-2  el_after_av_section  el_before_av_one_half  avia-builder-el-first  first flex_column_div  '     ><section  class='av_textblock_section av-m14u6-6efc18dc25b5b52153c650aacb00def8 '   itemscope=\"itemscope\" itemtype=\"https:\/\/schema.org\/CreativeWork\" ><div class='avia_textblock'  itemprop=\"text\" ><h1 class=\"post-title\">Impressum<\/h1>\n<h2>Firma:\u00a0Klippitzt\u00f6rl Touristik GesnbR<\/h2>\n<p>Sitz: \u00d6sterreich<br \/>\nGesch\u00e4ftanschrift: 9462 Bad St. Leonhard, Klippitzt\u00f6rl 26<br \/>\nATU\/UID-Nummer: ATU 26924102<br \/>\nTelefon: 0043 4350\/8166<br \/>\nMail:\u00a0<a href=\"mailto:office@klippitz.at\">office@klippitz.at<\/a><br \/>\nUnternehmensgegenstand: Fremdenverkehrswerbung<br \/>\nRechtsform: Erwerbsgesellschaft nach b\u00fcrgerlichem Recht<br \/>\nFinanzamt: St. Veit Wolfsberg<\/p>\n<\/div><\/section><\/div>\n\n<style type=\"text\/css\" data-created_by=\"avia_inline_auto\" id=\"style-css-av-h0a1a-41711c02a24ce1c0e781efb259056ee9\">\n.flex_column.av-h0a1a-41711c02a24ce1c0e781efb259056ee9{\nborder-radius:0px 0px 0px 0px;\npadding:0px 0px 0px 0px;\n}\n<\/style>\n<div  class='flex_column av-h0a1a-41711c02a24ce1c0e781efb259056ee9 av_one_half  avia-builder-el-4  el_after_av_one_half  avia-builder-el-last  flex_column_div av-zero-column-padding  '     ><section  class='av_textblock_section av-6w93i-ba487c1a65914329e42a5a8e5a52c1f6 '   itemscope=\"itemscope\" itemtype=\"https:\/\/schema.org\/CreativeWork\" ><div class='avia_textblock'  itemprop=\"text\" ><h2>Copyrightbestimmungen<\/h2>\n<p>Die auf der Website der Klippitzt\u00f6rl-Touristik angebotenen Angaben wurden von der Klippitzt\u00f6rl-Touristik GesnbR bereitgestellt und dienen allein Ihrer Information. Die Inhalte unterliegen dem Urheberrecht und d\u00fcrfen nicht ohne vorherige schriftliche Zustimmung der Klippitzt\u00f6rl-Touristik GesnbR\u00a0weder als Ganzes noch in Teilen verbreitet, ver\u00e4ndert oder kopiert werden. Die auf dieser Website eingebundenen Bilder d\u00fcrfen nicht ohne vorherige schriftliche Zustimmung der Klippitzt\u00f6rl-Touristik verwendet werden. Die Klippitzt\u00f6rl-Touristik GesnbR\u00a0\u00fcbernimmt keinerlei Verantwortung in Bezug auf Inhalte von Websites, zu denen man von der Informationsplattform der Klippitzt\u00f6rl-Touristik GesnbR\u00a0gelangen kann.<\/p>\n<h2>Website<\/h2>\n<p><a href=\"http:\/\/www.pitschdesign.com\/\" target=\"_blank\" rel=\"noopener\">PITSCHDESIGN<\/a><\/p>\n<\/div><\/section><\/div>\n","protected":false},"excerpt":{"rendered":"","protected":false},"author":1,"featured_media":0,"parent":0,"menu_order":0,"comment_status":"closed","ping_status":"closed","template":"","meta":{"footnotes":""},"class_list":["post-478","page","type-page","status-publish","hentry"],"yoast_head":"<!-- This site is optimized with the Yoast SEO plugin v26.8 - https:\/\/yoast.com\/product\/yoast-seo-wordpress\/ -->\n<title>Impressum - Schierlebniswelt Klippitzt\u00f6rl<\/title>\n<meta name=\"robots\" content=\"index, follow, max-snippet:-1, max-image-preview:large, max-video-preview:-1\" \/>\n<link rel=\"canonical\" href=\"https:\/\/www.klippitz.at\/sommer\/impressum\/\" \/>\n<meta property=\"og:locale\" content=\"de_DE\" \/>\n<meta property=\"og:type\" content=\"article\" \/>\n<meta property=\"og:title\" content=\"Impressum - Schierlebniswelt Klippitzt\u00f6rl\" \/>\n<meta property=\"og:url\" content=\"https:\/\/www.klippitz.at\/sommer\/impressum\/\" \/>\n<meta property=\"og:site_name\" content=\"Schierlebniswelt Klippitzt\u00f6rl\" \/>\n<meta property=\"article:modified_time\" content=\"2023-09-07T06:39:06+00:00\" \/>\n<meta name=\"twitter:label1\" content=\"Gesch\u00e4tzte Lesezeit\" \/>\n\t<meta name=\"twitter:data1\" content=\"2\u00a0Minuten\" \/>\n<script type=\"application\/ld+json\" class=\"yoast-schema-graph\">{\"@context\":\"https:\/\/schema.org\",\"@graph\":[{\"@type\":\"WebPage\",\"@id\":\"https:\/\/www.klippitz.at\/sommer\/impressum\/\",\"url\":\"https:\/\/www.klippitz.at\/sommer\/impressum\/\",\"name\":\"Impressum - Schierlebniswelt Klippitzt\u00f6rl\",\"isPartOf\":{\"@id\":\"https:\/\/www.klippitz.at\/sommer\/#website\"},\"datePublished\":\"2015-01-28T14:51:30+00:00\",\"dateModified\":\"2023-09-07T06:39:06+00:00\",\"breadcrumb\":{\"@id\":\"https:\/\/www.klippitz.at\/sommer\/impressum\/#breadcrumb\"},\"inLanguage\":\"de\",\"potentialAction\":[{\"@type\":\"ReadAction\",\"target\":[\"https:\/\/www.klippitz.at\/sommer\/impressum\/\"]}]},{\"@type\":\"BreadcrumbList\",\"@id\":\"https:\/\/www.klippitz.at\/sommer\/impressum\/#breadcrumb\",\"itemListElement\":[{\"@type\":\"ListItem\",\"position\":1,\"name\":\"Home\",\"item\":\"https:\/\/www.klippitz.at\/sommer\/home\/\"},{\"@type\":\"ListItem\",\"position\":2,\"name\":\"Impressum\"}]},{\"@type\":\"WebSite\",\"@id\":\"https:\/\/www.klippitz.at\/sommer\/#website\",\"url\":\"https:\/\/www.klippitz.at\/sommer\/\",\"name\":\"Schierlebniswelt Klippitzt\u00f6rl\",\"description\":\"Die K\u00e4rntner Schiregion zeigt sich im Sommer von ihrer sch\u00f6nsten Seite\",\"potentialAction\":[{\"@type\":\"SearchAction\",\"target\":{\"@type\":\"EntryPoint\",\"urlTemplate\":\"https:\/\/www.klippitz.at\/sommer\/?s={search_term_string}\"},\"query-input\":{\"@type\":\"PropertyValueSpecification\",\"valueRequired\":true,\"valueName\":\"search_term_string\"}}],\"inLanguage\":\"de\"}]}<\/script>\n<!-- \/ Yoast SEO plugin. -->","yoast_head_json":{"title":"Impressum - Schierlebniswelt Klippitzt\u00f6rl","robots":{"index":"index","follow":"follow","max-snippet":"max-snippet:-1","max-image-preview":"max-image-preview:large","max-video-preview":"max-video-preview:-1"},"canonical":"https:\/\/www.klippitz.at\/sommer\/impressum\/","og_locale":"de_DE","og_type":"article","og_title":"Impressum - Schierlebniswelt Klippitzt\u00f6rl","og_url":"https:\/\/www.klippitz.at\/sommer\/impressum\/","og_site_name":"Schierlebniswelt Klippitzt\u00f6rl","article_modified_time":"2023-09-07T06:39:06+00:00","twitter_misc":{"Gesch\u00e4tzte Lesezeit":"2\u00a0Minuten"},"schema":{"@context":"https:\/\/schema.org","@graph":[{"@type":"WebPage","@id":"https:\/\/www.klippitz.at\/sommer\/impressum\/","url":"https:\/\/www.klippitz.at\/sommer\/impressum\/","name":"Impressum - Schierlebniswelt Klippitzt\u00f6rl","isPartOf":{"@id":"https:\/\/www.klippitz.at\/sommer\/#website"},"datePublished":"2015-01-28T14:51:30+00:00","dateModified":"2023-09-07T06:39:06+00:00","breadcrumb":{"@id":"https:\/\/www.klippitz.at\/sommer\/impressum\/#breadcrumb"},"inLanguage":"de","potentialAction":[{"@type":"ReadAction","target":["https:\/\/www.klippitz.at\/sommer\/impressum\/"]}]},{"@type":"BreadcrumbList","@id":"https:\/\/www.klippitz.at\/sommer\/impressum\/#breadcrumb","itemListElement":[{"@type":"ListItem","position":1,"name":"Home","item":"https:\/\/www.klippitz.at\/sommer\/home\/"},{"@type":"ListItem","position":2,"name":"Impressum"}]},{"@type":"WebSite","@id":"https:\/\/www.klippitz.at\/sommer\/#website","url":"https:\/\/www.klippitz.at\/sommer\/","name":"Schierlebniswelt Klippitzt\u00f6rl","description":"Die K\u00e4rntner Schiregion zeigt sich im Sommer von ihrer sch\u00f6nsten Seite","potentialAction":[{"@type":"SearchAction","target":{"@type":"EntryPoint","urlTemplate":"https:\/\/www.klippitz.at\/sommer\/?s={search_term_string}"},"query-input":{"@type":"PropertyValueSpecification","valueRequired":true,"valueName":"search_term_string"}}],"inLanguage":"de"}]}},"_links":{"self":[{"href":"https:\/\/www.klippitz.at\/sommer\/wp-json\/wp\/v2\/pages\/478","targetHints":{"allow":["GET"]}}],"collection":[{"href":"https:\/\/www.klippitz.at\/sommer\/wp-json\/wp\/v2\/pages"}],"about":[{"href":"https:\/\/www.klippitz.at\/sommer\/wp-json\/wp\/v2\/types\/page"}],"author":[{"embeddable":true,"href":"https:\/\/www.klippitz.at\/sommer\/wp-json\/wp\/v2\/users\/1"}],"replies":[{"embeddable":true,"href":"https:\/\/www.klippitz.at\/sommer\/wp-json\/wp\/v2\/comments?post=478"}],"version-history":[{"count":7,"href":"https:\/\/www.klippitz.at\/sommer\/wp-json\/wp\/v2\/pages\/478\/revisions"}],"predecessor-version":[{"id":3400,"href":"https:\/\/www.klippitz.at\/sommer\/wp-json\/wp\/v2\/pages\/478\/revisions\/3400"}],"wp:attachment":[{"href":"https:\/\/www.klippitz.at\/sommer\/wp-json\/wp\/v2\/media?parent=478"}],"curies":[{"name":"wp","href":"https:\/\/api.w.org\/{rel}","templated":true}]}}