{"id":449,"date":"2015-01-28T12:38:02","date_gmt":"2015-01-28T11:38:02","guid":{"rendered":"http:\/\/www.klippitz.at\/sommer\/?page_id=449"},"modified":"2023-06-07T08:48:54","modified_gmt":"2023-06-07T06:48:54","slug":"anfrage-verfuegbarkeit","status":"publish","type":"page","link":"https:\/\/www.klippitz.at\/sommer\/anfrage-verfuegbarkeit\/","title":{"rendered":"Anfrage Verf\u00fcgbarkeit"},"content":{"rendered":"<div  class='flex_column av-1st99d-a91636e5df6f9809217d2a762d98f421 av_one_full  avia-builder-el-0  avia-builder-el-no-sibling  first flex_column_div  '     ><section  class='av_textblock_section av-1jv8o1-9e27f2eb9eec781256b22e238d0de1b6 '   itemscope=\"itemscope\" itemtype=\"https:\/\/schema.org\/CreativeWork\" ><div class='avia_textblock'  itemprop=\"text\" ><h2 class=\"post-title\">Bitte f\u00fcllen Sie das Anfrageformular aus.<\/h2>\n<p>Wir melden uns so schnell als m\u00f6glich bei Ihnen!<\/p>\n<\/div><\/section><br \/>\n<form action=\"https:\/\/www.klippitz.at\/sommer\/anfrage-verfuegbarkeit\/\" method=\"post\" data-fields-with-error=\"Fehler wurden in folgenden Feld(ern) gefunden:\" class=\"avia_ajax_form av-form-labels-hidden   avia-builder-el-2  el_after_av_textblock  el_before_av_textblock   \" data-avia-form-id=\"1\" data-avia-redirect='' ><fieldset><p class='  first_form  form_element form_fullwidth' id='element_avia_1_1'><label for=\"avia_1_1\">Bitte die gew\u00fcnschte Unterkunft ausw\u00e4hlen<\/label><select  name=\"avia_1_1\" class=\"select \" id=\"avia_1_1\"><option class=\"av-placeholder\" disabled=\"disabled\" selected=\"selected\" value=''>Bitte die gew\u00fcnschte Unterkunft ausw\u00e4hlen<\/option><option   value='Allgemeine Anfrage'>Allgemeine Anfrage<\/option><option   value='Hotel**** Alpengasthof Hochegger'>Hotel**** Alpengasthof Hochegger<\/option><option   value='Hotel**** Moselebauer'>Hotel**** Moselebauer<\/option><option   value='Hotel-Gasthof*** Buchbauer'>Hotel-Gasthof*** Buchbauer<\/option><option   value='Panoramahotel Friesacher***'>Panoramahotel Friesacher***<\/option><option   value='Almh\u00fctten Moselebauer'>Almh\u00fctten Moselebauer<\/option><option   value='Landgasthof Neugebauer'>Landgasthof Neugebauer<\/option><option   value='Almh\u00fcttendorf Klippitzt\u00f6rl'>Almh\u00fcttendorf Klippitzt\u00f6rl<\/option><option   value='Wildbachh\u00fctte'>Wildbachh\u00fctte<\/option><option   value='Dornerh\u00fctten'>Dornerh\u00fctten<\/option><option   value='Weberh\u00fctte'>Weberh\u00fctte<\/option><option   value='Primush\u00fctten'>Primush\u00fctten<\/option><option   value='Almhaus am Hohenwart'>Almhaus am Hohenwart<\/option><option   value='Bischofh\u00fctten'>Bischofh\u00fctten<\/option><option   value='Guglh\u00fctte'>Guglh\u00fctte<\/option><option   value='Chalet Klippitzstern'>Chalet Klippitzstern<\/option><option   value='Karnerh\u00fctte'>Karnerh\u00fctte<\/option><option   value='Klippitzh\u00fctte'>Klippitzh\u00fctte<\/option><option   value='Chalet Klippitzsonne'>Chalet Klippitzsonne<\/option><option   value='Haus Christine'>Haus Christine<\/option><option   value='Haus Renate'>Haus Renate<\/option><option   value='Klippitzhimmel'>Klippitzhimmel<\/option><option   value='Almhaus Klippitz'>Almhaus Klippitz<\/option><option   value='Bergfee'>Bergfee<\/option><option   value='Geierkogelblick'>Geierkogelblick<\/option><option   value='Hirschh\u00fctten Skorianz'>Hirschh\u00fctten Skorianz<\/option><option   value='Klippitzh\u00e4usl'>Klippitzh\u00e4usl<\/option><option   value='Klippitzrose'>Klippitzrose<\/option><option   value='Lavanttalblick'>Lavanttalblick<\/option><option   value='Zirbenchalet Klippitz'>Zirbenchalet Klippitz<\/option><option   value='Appartement Johanna'>Appartement Johanna<\/option><\/select><\/p><p class='  first_form  form_element form_fullwidth' id='element_avia_2_1'><label for=\"avia_2_1\">Name <abbr class=\"required\" title=\"ben\u00f6tigt\">*<\/abbr><\/label> <input name=\"avia_2_1\" class=\"text_input is_empty\" type=\"text\" id=\"avia_2_1\" value=\"\"  placeholder='Name*'\/><\/p><p class='  first_form  form_element form_fullwidth' id='element_avia_3_1'><label for=\"avia_3_1\">E-Mail <abbr class=\"required\" title=\"ben\u00f6tigt\">*<\/abbr><\/label> <input name=\"avia_3_1\" class=\"text_input is_email\" type=\"text\" id=\"avia_3_1\" value=\"\"  placeholder='E-Mail*'\/><\/p><p class='  first_form  form_element form_element_half' id='element_avia_4_1'><label for=\"avia_4_1\">Anreise <abbr class=\"required\" title=\"ben\u00f6tigt\">*<\/abbr><\/label> <input name=\"avia_4_1\" class=\"avia_datepicker text_input is_empty\" type=\"text\" id=\"avia_4_1\" value=\"\" placeholder=\"Anreise*\" inputmode=\"none\" \/><\/p><p class='  form_element form_element_half' id='element_avia_5_1'><label for=\"avia_5_1\">Abreise <abbr class=\"required\" title=\"ben\u00f6tigt\">*<\/abbr><\/label> <input name=\"avia_5_1\" class=\"avia_datepicker text_input is_empty\" type=\"text\" id=\"avia_5_1\" value=\"\" placeholder=\"Abreise*\" inputmode=\"none\" \/><\/p><p class='  first_form  form_element form_fullwidth' id='element_avia_6_1'><label for=\"avia_6_1\" class=\"textare_label hidden textare_label_avia_6_1\">Nachricht <abbr class=\"required\" title=\"ben\u00f6tigt\">*<\/abbr><\/label><textarea  placeholder='Nachricht*' name=\"avia_6_1\" class=\"text_area is_empty\" cols=\"40\" rows=\"7\" id=\"avia_6_1\" ><\/textarea><\/p><p class=\"hidden\"><input type=\"text\" name=\"avia_7_1\" class=\"hidden \" id=\"avia_7_1\" value=\"\" \/><\/p><p class='   form_element form_fullwidth' id='element_avia_8_1'><span class='value_verifier_label'>8 + 0 = ?<\/span><input name=\"avia_8_1_verifier\" type=\"hidden\" id=\"avia_8_1_verifier\" value=\"734332128\"\/><label for=\"avia_8_1\">Bitte l\u00f6se die Gleichung. Diese Ma\u00dfnahme dient der Abwehr von Spam <abbr class=\"required\" title=\"ben\u00f6tigt\">*<\/abbr><\/label><input name=\"avia_8_1\" class=\"text_input captcha\" type=\"text\" id=\"avia_8_1\" value=\"\"\/><\/p><p class=\"form_element \"><input type=\"hidden\" value=\"1\" name=\"avia_generated_form1\" \/><input type=\"submit\" value=\"Senden\" class=\"button\"  data-sending-label=\"Sende\"\/><\/p><\/fieldset><\/form><div id=\"ajaxresponse_1\" class=\"ajaxresponse ajaxresponse_1 hidden\"><\/div><br \/>\n<section  class='av_textblock_section av-8reih-5d34bbe4d29d1744881b379a71acff33 '   itemscope=\"itemscope\" itemtype=\"https:\/\/schema.org\/CreativeWork\" ><div class='avia_textblock'  itemprop=\"text\" ><p><strong>Ihr Klippitzt\u00f6rl Team!<\/strong><\/p>\n<\/div><\/section><\/p><\/div>\n","protected":false},"excerpt":{"rendered":"","protected":false},"author":1,"featured_media":0,"parent":0,"menu_order":0,"comment_status":"closed","ping_status":"closed","template":"","meta":{"footnotes":""},"class_list":["post-449","page","type-page","status-publish","hentry"],"yoast_head":"<!-- This site is optimized with the Yoast SEO plugin v26.8 - https:\/\/yoast.com\/product\/yoast-seo-wordpress\/ -->\n<title>Anfrage Verf\u00fcgbarkeit - Schierlebniswelt Klippitzt\u00f6rl<\/title>\n<meta name=\"robots\" content=\"index, follow, max-snippet:-1, max-image-preview:large, max-video-preview:-1\" \/>\n<link rel=\"canonical\" href=\"https:\/\/www.klippitz.at\/sommer\/anfrage-verfuegbarkeit\/\" \/>\n<meta property=\"og:locale\" content=\"de_DE\" \/>\n<meta property=\"og:type\" content=\"article\" \/>\n<meta property=\"og:title\" content=\"Anfrage Verf\u00fcgbarkeit - Schierlebniswelt Klippitzt\u00f6rl\" \/>\n<meta property=\"og:url\" content=\"https:\/\/www.klippitz.at\/sommer\/anfrage-verfuegbarkeit\/\" \/>\n<meta property=\"og:site_name\" content=\"Schierlebniswelt Klippitzt\u00f6rl\" \/>\n<meta property=\"article:modified_time\" content=\"2023-06-07T06:48:54+00:00\" \/>\n<meta name=\"twitter:label1\" content=\"Gesch\u00e4tzte Lesezeit\" \/>\n\t<meta name=\"twitter:data1\" content=\"2\u00a0Minuten\" \/>\n<script type=\"application\/ld+json\" class=\"yoast-schema-graph\">{\"@context\":\"https:\/\/schema.org\",\"@graph\":[{\"@type\":\"WebPage\",\"@id\":\"https:\/\/www.klippitz.at\/sommer\/anfrage-verfuegbarkeit\/\",\"url\":\"https:\/\/www.klippitz.at\/sommer\/anfrage-verfuegbarkeit\/\",\"name\":\"Anfrage Verf\u00fcgbarkeit - Schierlebniswelt Klippitzt\u00f6rl\",\"isPartOf\":{\"@id\":\"https:\/\/www.klippitz.at\/sommer\/#website\"},\"datePublished\":\"2015-01-28T11:38:02+00:00\",\"dateModified\":\"2023-06-07T06:48:54+00:00\",\"breadcrumb\":{\"@id\":\"https:\/\/www.klippitz.at\/sommer\/anfrage-verfuegbarkeit\/#breadcrumb\"},\"inLanguage\":\"de\",\"potentialAction\":[{\"@type\":\"ReadAction\",\"target\":[\"https:\/\/www.klippitz.at\/sommer\/anfrage-verfuegbarkeit\/\"]}]},{\"@type\":\"BreadcrumbList\",\"@id\":\"https:\/\/www.klippitz.at\/sommer\/anfrage-verfuegbarkeit\/#breadcrumb\",\"itemListElement\":[{\"@type\":\"ListItem\",\"position\":1,\"name\":\"Home\",\"item\":\"https:\/\/www.klippitz.at\/sommer\/home\/\"},{\"@type\":\"ListItem\",\"position\":2,\"name\":\"Anfrage Verf\u00fcgbarkeit\"}]},{\"@type\":\"WebSite\",\"@id\":\"https:\/\/www.klippitz.at\/sommer\/#website\",\"url\":\"https:\/\/www.klippitz.at\/sommer\/\",\"name\":\"Schierlebniswelt Klippitzt\u00f6rl\",\"description\":\"Die K\u00e4rntner Schiregion zeigt sich im Sommer von ihrer sch\u00f6nsten Seite\",\"potentialAction\":[{\"@type\":\"SearchAction\",\"target\":{\"@type\":\"EntryPoint\",\"urlTemplate\":\"https:\/\/www.klippitz.at\/sommer\/?s={search_term_string}\"},\"query-input\":{\"@type\":\"PropertyValueSpecification\",\"valueRequired\":true,\"valueName\":\"search_term_string\"}}],\"inLanguage\":\"de\"}]}<\/script>\n<!-- \/ Yoast SEO plugin. -->","yoast_head_json":{"title":"Anfrage Verf\u00fcgbarkeit - Schierlebniswelt Klippitzt\u00f6rl","robots":{"index":"index","follow":"follow","max-snippet":"max-snippet:-1","max-image-preview":"max-image-preview:large","max-video-preview":"max-video-preview:-1"},"canonical":"https:\/\/www.klippitz.at\/sommer\/anfrage-verfuegbarkeit\/","og_locale":"de_DE","og_type":"article","og_title":"Anfrage Verf\u00fcgbarkeit - Schierlebniswelt Klippitzt\u00f6rl","og_url":"https:\/\/www.klippitz.at\/sommer\/anfrage-verfuegbarkeit\/","og_site_name":"Schierlebniswelt Klippitzt\u00f6rl","article_modified_time":"2023-06-07T06:48:54+00:00","twitter_misc":{"Gesch\u00e4tzte Lesezeit":"2\u00a0Minuten"},"schema":{"@context":"https:\/\/schema.org","@graph":[{"@type":"WebPage","@id":"https:\/\/www.klippitz.at\/sommer\/anfrage-verfuegbarkeit\/","url":"https:\/\/www.klippitz.at\/sommer\/anfrage-verfuegbarkeit\/","name":"Anfrage Verf\u00fcgbarkeit - Schierlebniswelt Klippitzt\u00f6rl","isPartOf":{"@id":"https:\/\/www.klippitz.at\/sommer\/#website"},"datePublished":"2015-01-28T11:38:02+00:00","dateModified":"2023-06-07T06:48:54+00:00","breadcrumb":{"@id":"https:\/\/www.klippitz.at\/sommer\/anfrage-verfuegbarkeit\/#breadcrumb"},"inLanguage":"de","potentialAction":[{"@type":"ReadAction","target":["https:\/\/www.klippitz.at\/sommer\/anfrage-verfuegbarkeit\/"]}]},{"@type":"BreadcrumbList","@id":"https:\/\/www.klippitz.at\/sommer\/anfrage-verfuegbarkeit\/#breadcrumb","itemListElement":[{"@type":"ListItem","position":1,"name":"Home","item":"https:\/\/www.klippitz.at\/sommer\/home\/"},{"@type":"ListItem","position":2,"name":"Anfrage Verf\u00fcgbarkeit"}]},{"@type":"WebSite","@id":"https:\/\/www.klippitz.at\/sommer\/#website","url":"https:\/\/www.klippitz.at\/sommer\/","name":"Schierlebniswelt Klippitzt\u00f6rl","description":"Die K\u00e4rntner Schiregion zeigt sich im Sommer von ihrer sch\u00f6nsten Seite","potentialAction":[{"@type":"SearchAction","target":{"@type":"EntryPoint","urlTemplate":"https:\/\/www.klippitz.at\/sommer\/?s={search_term_string}"},"query-input":{"@type":"PropertyValueSpecification","valueRequired":true,"valueName":"search_term_string"}}],"inLanguage":"de"}]}},"_links":{"self":[{"href":"https:\/\/www.klippitz.at\/sommer\/wp-json\/wp\/v2\/pages\/449","targetHints":{"allow":["GET"]}}],"collection":[{"href":"https:\/\/www.klippitz.at\/sommer\/wp-json\/wp\/v2\/pages"}],"about":[{"href":"https:\/\/www.klippitz.at\/sommer\/wp-json\/wp\/v2\/types\/page"}],"author":[{"embeddable":true,"href":"https:\/\/www.klippitz.at\/sommer\/wp-json\/wp\/v2\/users\/1"}],"replies":[{"embeddable":true,"href":"https:\/\/www.klippitz.at\/sommer\/wp-json\/wp\/v2\/comments?post=449"}],"version-history":[{"count":35,"href":"https:\/\/www.klippitz.at\/sommer\/wp-json\/wp\/v2\/pages\/449\/revisions"}],"predecessor-version":[{"id":3771,"href":"https:\/\/www.klippitz.at\/sommer\/wp-json\/wp\/v2\/pages\/449\/revisions\/3771"}],"wp:attachment":[{"href":"https:\/\/www.klippitz.at\/sommer\/wp-json\/wp\/v2\/media?parent=449"}],"curies":[{"name":"wp","href":"https:\/\/api.w.org\/{rel}","templated":true}]}}