{"id":1543,"date":"2015-04-08T12:50:32","date_gmt":"2015-04-08T10:50:32","guid":{"rendered":"http:\/\/www.klippitz.at\/sommer\/?page_id=1543"},"modified":"2025-07-01T15:42:50","modified_gmt":"2025-07-01T13:42:50","slug":"ausflugsziele","status":"publish","type":"page","link":"https:\/\/www.klippitz.at\/sommer\/ausflugsziele\/","title":{"rendered":"Ausflugsziele"},"content":{"rendered":"\n<style type=\"text\/css\" data-created_by=\"avia_inline_auto\" id=\"style-css-av-jnxxh3-b34362d164055b886c319d7cd50c360d\">\n.avia-section.av-jnxxh3-b34362d164055b886c319d7cd50c360d{\nbackground-repeat:no-repeat;\nbackground-image:url(https:\/\/www.klippitz.at\/sommer\/wp-content\/uploads\/2025\/07\/Mountainbike.jpg);\nbackground-position:50% 50%;\nbackground-attachment:scroll;\n}\n<\/style>\n<div id='ausflugziele'  class='avia-section av-jnxxh3-b34362d164055b886c319d7cd50c360d main_color avia-section-no-padding avia-no-border-styling  avia-builder-el-0  el_before_av_one_half  avia-builder-el-first  avia-full-stretch avia-bg-style-scroll av-minimum-height av-minimum-height-custom av-height-custom  container_wrap sidebar_right'  data-section-bg-repeat='stretch' data-av_minimum_height_px='400'><div class='container av-section-cont-open' style='height:400px'><main  role=\"main\" itemprop=\"mainContentOfPage\"  class='template-page content  av-content-small alpha units'><div class='post-entry post-entry-type-page post-entry-1543'><div class='entry-content-wrapper clearfix'>\n\n<style type=\"text\/css\" data-created_by=\"avia_inline_auto\" id=\"style-css-av-hekeif-971aab7194d815c706a4aefe1e781a7e\">\n#top .av-special-heading.av-hekeif-971aab7194d815c706a4aefe1e781a7e{\npadding-bottom:10px;\ncolor:#ffffff;\n}\nbody .av-special-heading.av-hekeif-971aab7194d815c706a4aefe1e781a7e .av-special-heading-tag .heading-char{\nfont-size:25px;\n}\n.av-special-heading.av-hekeif-971aab7194d815c706a4aefe1e781a7e .special-heading-inner-border{\nborder-color:#ffffff;\n}\n.av-special-heading.av-hekeif-971aab7194d815c706a4aefe1e781a7e .av-subheading{\nfont-size:15px;\n}\n<\/style>\n<div  class='av-special-heading av-hekeif-971aab7194d815c706a4aefe1e781a7e av-special-heading-h1 custom-color-heading blockquote modern-quote  avia-builder-el-1  avia-builder-el-no-sibling '><h1 class='av-special-heading-tag '  itemprop=\"headline\"  >Ausflugsziele<\/h1><div class=\"special-heading-border\"><div class=\"special-heading-inner-border\"><\/div><\/div><\/div>\n<\/div><\/div><\/main><!-- close content main element --><\/div><\/div><div id='after_section_1'  class='main_color av_default_container_wrap container_wrap sidebar_right'  ><div class='container av-section-cont-open' ><div class='template-page content  av-content-small alpha units'><div class='post-entry post-entry-type-page post-entry-1543'><div class='entry-content-wrapper clearfix'>\n<div  class='flex_column av-feho0n-46fc19acf34a859e726c360b54269679 av_one_half  avia-builder-el-2  el_after_av_section  el_before_av_one_half  avia-builder-el-first  first flex_column_div  '     ><section  class='av_textblock_section av-ekoph3-4c2d764166194a3da814b7aa472d4b7d '   itemscope=\"itemscope\" itemtype=\"https:\/\/schema.org\/CreativeWork\" ><div class='avia_textblock'  itemprop=\"text\" ><p>Hier finden Sie eine aktuelle \u00dcbersicht \u00fcber verschiedenste Ausflugs,- Freizeit Ziele in K\u00e4rnten.<\/p>\n<\/div><\/section><\/div>\n<div  class='flex_column av-cblwbb-eba8e2005d52171b8813f019c78dc003 av_one_half  avia-builder-el-4  el_after_av_one_half  el_before_av_hr  flex_column_div  '     ><div  class='avia-button-wrap avia-button-center  avia-builder-el-5  avia-builder-el-no-sibling '>\n<style type=\"text\/css\" data-created_by=\"avia_inline_auto\" id=\"style-css-av-a57yt3-deb28c06a8eb2030709590104dada50e\">\n#top #wrap_all .avia-button.av-a57yt3-deb28c06a8eb2030709590104dada50e{\ncolor:#ffffff;\ntransition:all 0.4s ease-in-out;\n}\n#top #wrap_all .avia-button.av-a57yt3-deb28c06a8eb2030709590104dada50e:hover{\nbackground-color:grey;\ncolor:#ffffff;\ntransition:all 0.4s ease-in-out;\n}\n#top #wrap_all .avia-button.av-a57yt3-deb28c06a8eb2030709590104dada50e .avia-svg-icon svg:first-child{\nfill:#ffffff;\nstroke:#ffffff;\n}\n#top #wrap_all .avia-button.av-a57yt3-deb28c06a8eb2030709590104dada50e:hover .avia-svg-icon svg:first-child{\nfill:#ffffff;\nstroke:#ffffff;\n}\n<\/style>\n<a href='http:\/\/www.kaernten.at\/de\/sehenswertes' class='avia-color-theme-color avia-button avia-button-fullwidth av-a57yt3-deb28c06a8eb2030709590104dada50e avia-icon_select-yes-left-icon avia-color-theme-color'  target=\"_blank\"  rel=\"noopener noreferrer\"  aria-label=\"Ausflugsziele in K\u00e4rnten\"><span class='avia_button_icon avia_button_icon_left avia-iconfont avia-font-entypo-fontello' data-av_icon='\ue841' data-av_iconfont='entypo-fontello' ><\/span><span class='avia_iconbox_title' >Ausflugsziele in K\u00e4rnten<\/span><div class='av-button-description av-button-description-below'><p>Hier geht es zur Website der K\u00e4rnten Werbung&#8230;<\/p>\n<\/div><\/a><\/div><\/div>\n\n<style type=\"text\/css\" data-created_by=\"avia_inline_auto\" id=\"style-css-av-8u3pzr-77e337ebf5751ad86cac04ebd1fc83b9\">\n#top .hr.hr-invisible.av-8u3pzr-77e337ebf5751ad86cac04ebd1fc83b9{\nheight:20px;\n}\n<\/style>\n<div  class='hr av-8u3pzr-77e337ebf5751ad86cac04ebd1fc83b9 hr-invisible  avia-builder-el-6  el_after_av_one_half  el_before_av_gallery '><span class='hr-inner '><span class=\"hr-inner-style\"><\/span><\/span><\/div>\n\n<style type=\"text\/css\" data-created_by=\"avia_inline_auto\" id=\"style-css-av-74ouxz-78c60cca398ba7c55c2d4c5afd640b01\">\n#top .avia-gallery.av-74ouxz-78c60cca398ba7c55c2d4c5afd640b01 .avia-gallery-thumb a{\nwidth:8.3333%;\n}\n<\/style>\n<div  class='avia-gallery av-74ouxz-78c60cca398ba7c55c2d4c5afd640b01 avia_animate_when_visible  avia-builder-el-7  el_after_av_hr  el_before_av_codeblock  deactivate_avia_lazyload avia-gallery-animate avia-gallery-1'  itemprop=\"image\" itemscope=\"itemscope\" itemtype=\"https:\/\/schema.org\/ImageObject\" ><meta itemprop=\"contentURL\" content=\"https:\/\/www.klippitz.at\/sommer\/ausflugsziele\/\"><div class='avia-gallery-thumb'><a href=\"https:\/\/www.klippitz.at\/sommer\/wp-content\/uploads\/2015\/01\/779.jpg\" data-srcset=\"https:\/\/www.klippitz.at\/sommer\/wp-content\/uploads\/2015\/01\/779.jpg 1024w, https:\/\/www.klippitz.at\/sommer\/wp-content\/uploads\/2015\/01\/779-300x200.jpg 300w, https:\/\/www.klippitz.at\/sommer\/wp-content\/uploads\/2015\/01\/779-705x469.jpg 705w, https:\/\/www.klippitz.at\/sommer\/wp-content\/uploads\/2015\/01\/779-450x299.jpg 450w\" data-sizes=\"(max-width: 1024px) 100vw, 1024px\" data-rel='gallery-1' data-prev-img='https:\/\/www.klippitz.at\/sommer\/wp-content\/uploads\/2015\/01\/779-495x400.jpg' class='first_thumb lightbox ' data-onclick='1' title='K\u00e4rnten - Lust am Leben'  itemprop=\"thumbnailUrl\"  ><img decoding=\"async\" fetchpriority=\"high\" class=\"wp-image-1033 avia-img-lazy-loading-not-1033\"   src=\"https:\/\/www.klippitz.at\/sommer\/wp-content\/uploads\/2015\/01\/779-495x400.jpg\" width=\"495\" height=\"400\"  title='K\u00e4rnten - Lust am Leben' alt='' srcset=\"https:\/\/www.klippitz.at\/sommer\/wp-content\/uploads\/2015\/01\/779-495x400.jpg 495w, https:\/\/www.klippitz.at\/sommer\/wp-content\/uploads\/2015\/01\/779-845x681.jpg 845w\" sizes=\"(max-width: 495px) 100vw, 495px\" \/><div class='big-prev-fake'><img decoding=\"async\" loading=\"lazy\" class=\"wp-image-1033 avia-img-lazy-loading-1033\"  width=\"495\" height=\"400\" src=\"https:\/\/www.klippitz.at\/sommer\/wp-content\/uploads\/2015\/01\/779-495x400.jpg\" title='K\u00e4rnten - Lust am Leben' alt='' srcset=\"https:\/\/www.klippitz.at\/sommer\/wp-content\/uploads\/2015\/01\/779-495x400.jpg 495w, https:\/\/www.klippitz.at\/sommer\/wp-content\/uploads\/2015\/01\/779-845x681.jpg 845w\" sizes=\"auto, (max-width: 495px) 100vw, 495px\" \/><\/div><\/a><a href=\"https:\/\/www.klippitz.at\/sommer\/wp-content\/uploads\/2015\/01\/2429-687x1030.jpg\" data-srcset=\"https:\/\/www.klippitz.at\/sommer\/wp-content\/uploads\/2015\/01\/2429-687x1030.jpg 687w, https:\/\/www.klippitz.at\/sommer\/wp-content\/uploads\/2015\/01\/2429-200x300.jpg 200w, https:\/\/www.klippitz.at\/sommer\/wp-content\/uploads\/2015\/01\/2429-1000x1500.jpg 1000w, https:\/\/www.klippitz.at\/sommer\/wp-content\/uploads\/2015\/01\/2429-470x705.jpg 470w, https:\/\/www.klippitz.at\/sommer\/wp-content\/uploads\/2015\/01\/2429-450x675.jpg 450w, https:\/\/www.klippitz.at\/sommer\/wp-content\/uploads\/2015\/01\/2429.jpg 1024w\" data-sizes=\"(max-width: 687px) 100vw, 687px\" data-rel='gallery-1' data-prev-img='https:\/\/www.klippitz.at\/sommer\/wp-content\/uploads\/2015\/01\/2429-495x400.jpg' class='lightbox ' data-onclick='2' title='K\u00e4rnten - Lust am Leben'  itemprop=\"thumbnailUrl\"  ><img decoding=\"async\" fetchpriority=\"high\" class=\"wp-image-1059 avia-img-lazy-loading-not-1059\"   src=\"https:\/\/www.klippitz.at\/sommer\/wp-content\/uploads\/2015\/01\/2429-495x400.jpg\" width=\"495\" height=\"400\"  title='K\u00e4rnten - Lust am Leben' alt='' srcset=\"https:\/\/www.klippitz.at\/sommer\/wp-content\/uploads\/2015\/01\/2429-495x400.jpg 495w, https:\/\/www.klippitz.at\/sommer\/wp-content\/uploads\/2015\/01\/2429-845x684.jpg 845w\" sizes=\"(max-width: 495px) 100vw, 495px\" \/><div class='big-prev-fake'><img decoding=\"async\" loading=\"lazy\" class=\"wp-image-1059 avia-img-lazy-loading-1059\"  width=\"495\" height=\"400\" src=\"https:\/\/www.klippitz.at\/sommer\/wp-content\/uploads\/2015\/01\/2429-495x400.jpg\" title='K\u00e4rnten - Lust am Leben' alt='' srcset=\"https:\/\/www.klippitz.at\/sommer\/wp-content\/uploads\/2015\/01\/2429-495x400.jpg 495w, https:\/\/www.klippitz.at\/sommer\/wp-content\/uploads\/2015\/01\/2429-845x684.jpg 845w\" sizes=\"auto, (max-width: 495px) 100vw, 495px\" \/><\/div><\/a><\/div><\/div>\n\n\n<style type=\"text\/css\" data-created_by=\"avia_inline_auto\" id=\"style-css-av-41gvfb-768e516270ea23ed376421b44edc3dad\">\n#top .hr.hr-invisible.av-41gvfb-768e516270ea23ed376421b44edc3dad{\nheight:15px;\n}\n<\/style>\n<div  class='hr av-41gvfb-768e516270ea23ed376421b44edc3dad hr-invisible  avia-builder-el-9  el_after_av_codeblock  el_before_av_image '><span class='hr-inner '><span class=\"hr-inner-style\"><\/span><\/span><\/div>\n\n<style type=\"text\/css\" data-created_by=\"avia_inline_auto\" id=\"style-css-av-39xkp3-553f44be2107636d541a7e17eefdfac0\">\n.avia-image-container.av-39xkp3-553f44be2107636d541a7e17eefdfac0 img.avia_image{\nbox-shadow:none;\n}\n.avia-image-container.av-39xkp3-553f44be2107636d541a7e17eefdfac0 .av-image-caption-overlay-center{\ncolor:#ffffff;\n}\n<\/style>\n<div  class='avia-image-container av-39xkp3-553f44be2107636d541a7e17eefdfac0 av-styling- avia_animated_image av-animated-when-visible-95 top-to-bottom avia-align-center  avia-builder-el-10  el_after_av_hr  avia-builder-el-last '   itemprop=\"image\" itemscope=\"itemscope\" itemtype=\"https:\/\/schema.org\/ImageObject\" ><div class=\"avia-image-container-inner\"><div class=\"avia-image-overlay-wrap\"><img decoding=\"async\" fetchpriority=\"high\" class='wp-image- avia-img-lazy-loading-not- avia_image ' src=\"http:\/\/www.klippitz.at\/sommer\/wp-content\/uploads\/2015\/02\/erlebnis-am-berg-3002.png\" alt='' title=''   itemprop=\"thumbnailUrl\"  \/><\/div><\/div><\/div>\n","protected":false},"excerpt":{"rendered":"","protected":false},"author":1,"featured_media":0,"parent":0,"menu_order":0,"comment_status":"closed","ping_status":"closed","template":"","meta":{"footnotes":""},"class_list":["post-1543","page","type-page","status-publish","hentry"],"yoast_head":"<!-- This site is optimized with the Yoast SEO plugin v27.5 - https:\/\/yoast.com\/product\/yoast-seo-wordpress\/ -->\n<title>Ausflugsziele - Schierlebniswelt Klippitzt\u00f6rl<\/title>\n<meta name=\"robots\" content=\"index, follow, max-snippet:-1, max-image-preview:large, max-video-preview:-1\" \/>\n<link rel=\"canonical\" href=\"https:\/\/www.klippitz.at\/sommer\/ausflugsziele\/\" \/>\n<meta property=\"og:locale\" content=\"de_DE\" \/>\n<meta property=\"og:type\" content=\"article\" \/>\n<meta property=\"og:title\" content=\"Ausflugsziele - Schierlebniswelt Klippitzt\u00f6rl\" \/>\n<meta property=\"og:url\" content=\"https:\/\/www.klippitz.at\/sommer\/ausflugsziele\/\" \/>\n<meta property=\"og:site_name\" content=\"Schierlebniswelt Klippitzt\u00f6rl\" \/>\n<meta property=\"article:modified_time\" content=\"2025-07-01T13:42:50+00:00\" \/>\n<meta name=\"twitter:label1\" content=\"Gesch\u00e4tzte Lesezeit\" \/>\n\t<meta name=\"twitter:data1\" content=\"2\u00a0Minuten\" \/>\n<script type=\"application\/ld+json\" class=\"yoast-schema-graph\">{\"@context\":\"https:\\\/\\\/schema.org\",\"@graph\":[{\"@type\":\"WebPage\",\"@id\":\"https:\\\/\\\/www.klippitz.at\\\/sommer\\\/ausflugsziele\\\/\",\"url\":\"https:\\\/\\\/www.klippitz.at\\\/sommer\\\/ausflugsziele\\\/\",\"name\":\"Ausflugsziele - Schierlebniswelt Klippitzt\u00f6rl\",\"isPartOf\":{\"@id\":\"https:\\\/\\\/www.klippitz.at\\\/sommer\\\/#website\"},\"datePublished\":\"2015-04-08T10:50:32+00:00\",\"dateModified\":\"2025-07-01T13:42:50+00:00\",\"breadcrumb\":{\"@id\":\"https:\\\/\\\/www.klippitz.at\\\/sommer\\\/ausflugsziele\\\/#breadcrumb\"},\"inLanguage\":\"de\",\"potentialAction\":[{\"@type\":\"ReadAction\",\"target\":[\"https:\\\/\\\/www.klippitz.at\\\/sommer\\\/ausflugsziele\\\/\"]}]},{\"@type\":\"BreadcrumbList\",\"@id\":\"https:\\\/\\\/www.klippitz.at\\\/sommer\\\/ausflugsziele\\\/#breadcrumb\",\"itemListElement\":[{\"@type\":\"ListItem\",\"position\":1,\"name\":\"Home\",\"item\":\"https:\\\/\\\/www.klippitz.at\\\/sommer\\\/home\\\/\"},{\"@type\":\"ListItem\",\"position\":2,\"name\":\"Ausflugsziele\"}]},{\"@type\":\"WebSite\",\"@id\":\"https:\\\/\\\/www.klippitz.at\\\/sommer\\\/#website\",\"url\":\"https:\\\/\\\/www.klippitz.at\\\/sommer\\\/\",\"name\":\"Schierlebniswelt Klippitzt\u00f6rl\",\"description\":\"Die K\u00e4rntner Schiregion zeigt sich im Sommer von ihrer sch\u00f6nsten Seite\",\"potentialAction\":[{\"@type\":\"SearchAction\",\"target\":{\"@type\":\"EntryPoint\",\"urlTemplate\":\"https:\\\/\\\/www.klippitz.at\\\/sommer\\\/?s={search_term_string}\"},\"query-input\":{\"@type\":\"PropertyValueSpecification\",\"valueRequired\":true,\"valueName\":\"search_term_string\"}}],\"inLanguage\":\"de\"}]}<\/script>\n<!-- \/ Yoast SEO plugin. -->","yoast_head_json":{"title":"Ausflugsziele - Schierlebniswelt Klippitzt\u00f6rl","robots":{"index":"index","follow":"follow","max-snippet":"max-snippet:-1","max-image-preview":"max-image-preview:large","max-video-preview":"max-video-preview:-1"},"canonical":"https:\/\/www.klippitz.at\/sommer\/ausflugsziele\/","og_locale":"de_DE","og_type":"article","og_title":"Ausflugsziele - Schierlebniswelt Klippitzt\u00f6rl","og_url":"https:\/\/www.klippitz.at\/sommer\/ausflugsziele\/","og_site_name":"Schierlebniswelt Klippitzt\u00f6rl","article_modified_time":"2025-07-01T13:42:50+00:00","twitter_misc":{"Gesch\u00e4tzte Lesezeit":"2\u00a0Minuten"},"schema":{"@context":"https:\/\/schema.org","@graph":[{"@type":"WebPage","@id":"https:\/\/www.klippitz.at\/sommer\/ausflugsziele\/","url":"https:\/\/www.klippitz.at\/sommer\/ausflugsziele\/","name":"Ausflugsziele - Schierlebniswelt Klippitzt\u00f6rl","isPartOf":{"@id":"https:\/\/www.klippitz.at\/sommer\/#website"},"datePublished":"2015-04-08T10:50:32+00:00","dateModified":"2025-07-01T13:42:50+00:00","breadcrumb":{"@id":"https:\/\/www.klippitz.at\/sommer\/ausflugsziele\/#breadcrumb"},"inLanguage":"de","potentialAction":[{"@type":"ReadAction","target":["https:\/\/www.klippitz.at\/sommer\/ausflugsziele\/"]}]},{"@type":"BreadcrumbList","@id":"https:\/\/www.klippitz.at\/sommer\/ausflugsziele\/#breadcrumb","itemListElement":[{"@type":"ListItem","position":1,"name":"Home","item":"https:\/\/www.klippitz.at\/sommer\/home\/"},{"@type":"ListItem","position":2,"name":"Ausflugsziele"}]},{"@type":"WebSite","@id":"https:\/\/www.klippitz.at\/sommer\/#website","url":"https:\/\/www.klippitz.at\/sommer\/","name":"Schierlebniswelt Klippitzt\u00f6rl","description":"Die K\u00e4rntner Schiregion zeigt sich im Sommer von ihrer sch\u00f6nsten Seite","potentialAction":[{"@type":"SearchAction","target":{"@type":"EntryPoint","urlTemplate":"https:\/\/www.klippitz.at\/sommer\/?s={search_term_string}"},"query-input":{"@type":"PropertyValueSpecification","valueRequired":true,"valueName":"search_term_string"}}],"inLanguage":"de"}]}},"_links":{"self":[{"href":"https:\/\/www.klippitz.at\/sommer\/wp-json\/wp\/v2\/pages\/1543","targetHints":{"allow":["GET"]}}],"collection":[{"href":"https:\/\/www.klippitz.at\/sommer\/wp-json\/wp\/v2\/pages"}],"about":[{"href":"https:\/\/www.klippitz.at\/sommer\/wp-json\/wp\/v2\/types\/page"}],"author":[{"embeddable":true,"href":"https:\/\/www.klippitz.at\/sommer\/wp-json\/wp\/v2\/users\/1"}],"replies":[{"embeddable":true,"href":"https:\/\/www.klippitz.at\/sommer\/wp-json\/wp\/v2\/comments?post=1543"}],"version-history":[{"count":4,"href":"https:\/\/www.klippitz.at\/sommer\/wp-json\/wp\/v2\/pages\/1543\/revisions"}],"predecessor-version":[{"id":3782,"href":"https:\/\/www.klippitz.at\/sommer\/wp-json\/wp\/v2\/pages\/1543\/revisions\/3782"}],"wp:attachment":[{"href":"https:\/\/www.klippitz.at\/sommer\/wp-json\/wp\/v2\/media?parent=1543"}],"curies":[{"name":"wp","href":"https:\/\/api.w.org\/{rel}","templated":true}]}}