{"id":1539,"date":"2015-04-08T12:45:56","date_gmt":"2015-04-08T10:45:56","guid":{"rendered":"http:\/\/www.klippitz.at\/sommer\/?page_id=1539"},"modified":"2025-07-01T15:35:07","modified_gmt":"2025-07-01T13:35:07","slug":"webfotopoint","status":"publish","type":"page","link":"https:\/\/www.klippitz.at\/sommer\/webfotopoint\/","title":{"rendered":"PhotoCam"},"content":{"rendered":"\n<style type=\"text\/css\" data-created_by=\"avia_inline_auto\" id=\"style-css-av-iov2ib-d892d8e970e6fc76e593576567351092\">\n.avia-section.av-iov2ib-d892d8e970e6fc76e593576567351092{\nbackground-repeat:no-repeat;\nbackground-image:url(https:\/\/www.klippitz.at\/sommer\/wp-content\/uploads\/2025\/07\/Drohne-001.jpg);\nbackground-position:0% 100%;\nbackground-attachment:scroll;\n}\n<\/style>\n<div id='webfotopoint'  class='avia-section av-iov2ib-d892d8e970e6fc76e593576567351092 main_color avia-section-no-padding avia-no-border-styling  avia-builder-el-0  el_before_av_two_fifth  avia-builder-el-first  avia-full-stretch avia-bg-style-scroll av-minimum-height av-minimum-height-custom av-height-custom  container_wrap sidebar_right'  data-section-bg-repeat='stretch' data-av_minimum_height_px='400'><div class='container av-section-cont-open' style='height:400px'><main  role=\"main\" itemprop=\"mainContentOfPage\"  class='template-page content  av-content-small alpha units'><div class='post-entry post-entry-type-page post-entry-1539'><div class='entry-content-wrapper clearfix'>\n\n<style type=\"text\/css\" data-created_by=\"avia_inline_auto\" id=\"style-css-av-he4bsz-5eb97e063398e985a5ed027245e0c3cb\">\n#top .av-special-heading.av-he4bsz-5eb97e063398e985a5ed027245e0c3cb{\npadding-bottom:10px;\ncolor:#ffffff;\n}\nbody .av-special-heading.av-he4bsz-5eb97e063398e985a5ed027245e0c3cb .av-special-heading-tag .heading-char{\nfont-size:25px;\n}\n.av-special-heading.av-he4bsz-5eb97e063398e985a5ed027245e0c3cb .special-heading-inner-border{\nborder-color:#ffffff;\n}\n.av-special-heading.av-he4bsz-5eb97e063398e985a5ed027245e0c3cb .av-subheading{\nfont-size:15px;\n}\n<\/style>\n<div  class='av-special-heading av-he4bsz-5eb97e063398e985a5ed027245e0c3cb av-special-heading-h1 custom-color-heading blockquote modern-quote  avia-builder-el-1  avia-builder-el-no-sibling '><h1 class='av-special-heading-tag '  itemprop=\"headline\"  >ActionPhotoCam<\/h1><div class=\"special-heading-border\"><div class=\"special-heading-inner-border\"><\/div><\/div><\/div>\n<\/div><\/div><\/main><!-- close content main element --><\/div><\/div><div id='after_section_1'  class='main_color av_default_container_wrap container_wrap sidebar_right'  ><div class='container av-section-cont-open' ><div class='template-page content  av-content-small alpha units'><div class='post-entry post-entry-type-page post-entry-1539'><div class='entry-content-wrapper clearfix'>\n<div  class='flex_column av-fk5xer-d90898997e52189c50a463398673a96f av_two_fifth  avia-builder-el-2  el_after_av_section  el_before_av_three_fifth  avia-builder-el-first  first flex_column_div  '     ><p>\n<style type=\"text\/css\" data-created_by=\"avia_inline_auto\" id=\"style-css-av-e0ir7n-9da2f8b4d21d09b9b44c101478d44d57\">\n#top .hr.hr-invisible.av-e0ir7n-9da2f8b4d21d09b9b44c101478d44d57{\nheight:55px;\n}\n<\/style>\n<div  class='hr av-e0ir7n-9da2f8b4d21d09b9b44c101478d44d57 hr-invisible  avia-builder-el-3  el_before_av_image_hotspot  avia-builder-el-no-sibling '><span class='hr-inner '><span class=\"hr-inner-style\"><\/span><\/span><\/div><br \/>\n\n<style type=\"text\/css\" data-created_by=\"avia_inline_auto\" id=\"style-css-sub-av-cx303n-59041b28a84504220e0158a0e3cae924\">\n.av-hotspot-image-container .av-image-hotspot.av-a4l8wj-537064d2462a809618e774d2188b146e{\ntop:63.5%;\nleft:34.5%;\n}\n.av-hotspot-image-container .av-image-hotspot.av-a4l8wj-537064d2462a809618e774d2188b146e .av-image-hotspot_inner{\nbackground-color:#ffffff;\n}\n.av-hotspot-image-container .av-image-hotspot.av-a4l8wj-537064d2462a809618e774d2188b146e .av-image-hotspot-pulse{\nbackground-color:#ffffff;\n}\n<\/style>\n<div  class='av-hotspot-image-container av-cx303n-59041b28a84504220e0158a0e3cae924  avia-builder-el-4  el_after_av_hr  avia-builder-el-last  av-hotspot-blank av-permanent-tooltip avia_animated_image avia_animate_when_almost_visible top-to-bottom av-mobile-fallback-active  av-non-fullwidth-hotspot-image'  itemprop=\"image\" itemscope=\"itemscope\" itemtype=\"https:\/\/schema.org\/ImageObject\" ><div class='av-hotspot-container'><div class='av-hotspot-container-inner-cell'><div class='av-hotspot-container-inner-wrap'><div class='av-image-hotspot av-a4l8wj-537064d2462a809618e774d2188b146e av-image-hotspot-1 av-permanent-tooltip' data-avia-tooltip-position='bottom' data-avia-tooltip-alignment='centered' data-avia-tooltip-class='av-tt-large-width av-tt-pos-below av-tt-align-centered  av-mobile-fallback-active  av-permanent-tooltip-single  main_color av-tooltip-shadow av-tt-hotspot' data-avia-tooltip='&lt;p style=&quot;text-align: center;&quot;&gt;Direkt am See befindet sich die &lt;strong&gt;PhotoCam&lt;\/strong&gt;.&lt;\/p&gt;\n&lt;p style=&quot;text-align: center;&quot;&gt;&lt;strong&gt;Bei der Rodelbahn &lt;\/strong&gt;befindet sich die&lt;strong&gt; ActionPhotoCam.&lt;br \/&gt;\n&lt;\/strong&gt;Hier k\u00f6nnen sie ihre rasante Abfahrt festhalten!&lt;\/p&gt;\n&lt;p style=&quot;text-align: center;&quot;&gt;&lt;strong&gt;Bei der Talstion im Infocenter k\u00f6nnen Sie das Foto ausdrucken!&lt;\/strong&gt;&lt;\/p&gt;\n'><div class='av-image-hotspot_inner'>1<\/div><div class='av-image-hotspot-pulse'><\/div><\/div><img decoding=\"async\" fetchpriority=\"high\" class='wp-image-1440 avia-img-lazy-loading-not-1440 avia_image' src=\"https:\/\/www.klippitz.at\/sommer\/wp-content\/uploads\/2015\/01\/WebFotoPointPanorama-opti.jpg\" alt='' title='WebFotoPointPanorama-opti'  height=\"375\" width=\"500\"  itemprop=\"thumbnailUrl\" srcset=\"https:\/\/www.klippitz.at\/sommer\/wp-content\/uploads\/2015\/01\/WebFotoPointPanorama-opti.jpg 500w, https:\/\/www.klippitz.at\/sommer\/wp-content\/uploads\/2015\/01\/WebFotoPointPanorama-opti-300x225.jpg 300w, https:\/\/www.klippitz.at\/sommer\/wp-content\/uploads\/2015\/01\/WebFotoPointPanorama-opti-450x338.jpg 450w\" sizes=\"(max-width: 500px) 100vw, 500px\" \/><\/div><\/div><\/div><div class='av-hotspot-fallback-tooltip av-image-hotspot-1 av-permanent-tooltip'><div class=\"av-hotspot-fallback-tooltip-count\">1<div class=\"avia-arrow\"><\/div><\/div><div class=\"av-hotspot-fallback-tooltip-inner clearfix\"><\/p>\n<p style=\"text-align: center;\">Direkt am See befindet sich die <strong>PhotoCam<\/strong>.<\/p>\n<p style=\"text-align: center;\"><strong>Bei der Rodelbahn <\/strong>befindet sich die<strong> ActionPhotoCam.<br \/>\n<\/strong>Hier k\u00f6nnen sie ihre rasante Abfahrt festhalten!<\/p>\n<p style=\"text-align: center;\"><strong>Bei der Talstion im Infocenter k\u00f6nnen Sie das Foto ausdrucken!<\/strong><\/p>\n<p>\n<\/div><\/div><\/div><\/p><\/div>\n\n<style type=\"text\/css\" data-created_by=\"avia_inline_auto\" id=\"style-css-av-9cpaxf-5aba0aff9d9bb64106922e847c31e876\">\n.flex_column.av-9cpaxf-5aba0aff9d9bb64106922e847c31e876{\nborder-radius:0px 0px 0px 0px;\npadding:0px 0px 0px 0px;\n}\n<\/style>\n<div  class='flex_column av-9cpaxf-5aba0aff9d9bb64106922e847c31e876 av_three_fifth  avia-builder-el-5  el_after_av_two_fifth  el_before_av_textblock  flex_column_div av-zero-column-padding  '     ><\/div>\n<section  class='av_textblock_section av-5lnrhv-7ac790137db930eaac36adf62c7bd12b '   itemscope=\"itemscope\" itemtype=\"https:\/\/schema.org\/CreativeWork\" ><div class='avia_textblock'  itemprop=\"text\" ><p><a href=\"http:\/\/www.facebook.com\/klippitz\" target=\"_blank\" rel=\"noopener\"><img loading=\"lazy\" decoding=\"async\" class=\"alignright wp-image-1724 size-full\" title=\"Folge uns auf Facebook!\" src=\"http:\/\/www.klippitz.at\/sommer\/wp-content\/uploads\/2015\/04\/ico-facebook.gif\" alt=\"\" width=\"20\" height=\"20\" \/><\/a><a href=\"http:\/\/www.youtube.com\/channel\/UCA5CE7pzUAODyUBH8ebdDVQ\/feed?sub_confirmation=1\" target=\"_blank\" rel=\"noopener\"><img loading=\"lazy\" decoding=\"async\" class=\"alignright wp-image-1726 size-full\" title=\"Folge uns auf Youtube!\" src=\"http:\/\/www.klippitz.at\/sommer\/wp-content\/uploads\/2015\/04\/ico-youtube.gif\" alt=\"\" width=\"20\" height=\"20\" \/><\/a><\/p>\n<\/div><\/section>\n\n<style type=\"text\/css\" data-created_by=\"avia_inline_auto\" id=\"style-css-av-3sraub-11cfa952869af98487e74b2f9bef8812\">\n#top .hr.hr-invisible.av-3sraub-11cfa952869af98487e74b2f9bef8812{\nheight:15px;\n}\n<\/style>\n<div  class='hr av-3sraub-11cfa952869af98487e74b2f9bef8812 hr-invisible  avia-builder-el-8  el_after_av_textblock  el_before_av_image '><span class='hr-inner '><span class=\"hr-inner-style\"><\/span><\/span><\/div>\n\n<style type=\"text\/css\" data-created_by=\"avia_inline_auto\" id=\"style-css-av-8gter-ad707007996c08588aaa64534d59339d\">\n.avia-image-container.av-8gter-ad707007996c08588aaa64534d59339d img.avia_image{\nbox-shadow:none;\n}\n.avia-image-container.av-8gter-ad707007996c08588aaa64534d59339d .av-image-caption-overlay-center{\ncolor:#ffffff;\n}\n<\/style>\n<div  class='avia-image-container av-8gter-ad707007996c08588aaa64534d59339d av-styling- av-img-linked avia_animated_image av-animated-when-visible-95 top-to-bottom avia-align-center  avia-builder-el-9  el_after_av_hr  avia-builder-el-last '   itemprop=\"image\" itemscope=\"itemscope\" itemtype=\"https:\/\/schema.org\/ImageObject\" ><div class=\"avia-image-container-inner\"><div class=\"avia-image-overlay-wrap\"><a href=\"#top\" class='avia_image '  ><img decoding=\"async\" fetchpriority=\"high\" class='wp-image- avia-img-lazy-loading-not- avia_image ' src=\"http:\/\/www.klippitz.at\/sommer\/wp-content\/uploads\/2015\/02\/erlebnis-am-berg-3002.png\" alt='' title=''   itemprop=\"thumbnailUrl\"  \/><\/a><\/div><\/div><\/div>\n","protected":false},"excerpt":{"rendered":"","protected":false},"author":1,"featured_media":0,"parent":0,"menu_order":0,"comment_status":"closed","ping_status":"closed","template":"","meta":{"footnotes":""},"class_list":["post-1539","page","type-page","status-publish","hentry"],"yoast_head":"<!-- This site is optimized with the Yoast SEO plugin v26.8 - https:\/\/yoast.com\/product\/yoast-seo-wordpress\/ -->\n<title>PhotoCam - Schierlebniswelt Klippitzt\u00f6rl<\/title>\n<meta name=\"robots\" content=\"index, follow, max-snippet:-1, max-image-preview:large, max-video-preview:-1\" \/>\n<link rel=\"canonical\" href=\"https:\/\/www.klippitz.at\/sommer\/webfotopoint\/\" \/>\n<meta property=\"og:locale\" content=\"de_DE\" \/>\n<meta property=\"og:type\" content=\"article\" \/>\n<meta property=\"og:title\" content=\"PhotoCam - Schierlebniswelt Klippitzt\u00f6rl\" \/>\n<meta property=\"og:url\" content=\"https:\/\/www.klippitz.at\/sommer\/webfotopoint\/\" \/>\n<meta property=\"og:site_name\" content=\"Schierlebniswelt Klippitzt\u00f6rl\" \/>\n<meta property=\"article:modified_time\" content=\"2025-07-01T13:35:07+00:00\" \/>\n<meta property=\"og:image\" content=\"http:\/\/www.klippitz.at\/sommer\/wp-content\/uploads\/2015\/04\/ico-facebook.gif\" \/>\n<meta name=\"twitter:label1\" content=\"Gesch\u00e4tzte Lesezeit\" \/>\n\t<meta name=\"twitter:data1\" content=\"2\u00a0Minuten\" \/>\n<script type=\"application\/ld+json\" class=\"yoast-schema-graph\">{\"@context\":\"https:\/\/schema.org\",\"@graph\":[{\"@type\":\"WebPage\",\"@id\":\"https:\/\/www.klippitz.at\/sommer\/webfotopoint\/\",\"url\":\"https:\/\/www.klippitz.at\/sommer\/webfotopoint\/\",\"name\":\"PhotoCam - Schierlebniswelt Klippitzt\u00f6rl\",\"isPartOf\":{\"@id\":\"https:\/\/www.klippitz.at\/sommer\/#website\"},\"primaryImageOfPage\":{\"@id\":\"https:\/\/www.klippitz.at\/sommer\/webfotopoint\/#primaryimage\"},\"image\":{\"@id\":\"https:\/\/www.klippitz.at\/sommer\/webfotopoint\/#primaryimage\"},\"thumbnailUrl\":\"http:\/\/www.klippitz.at\/sommer\/wp-content\/uploads\/2015\/04\/ico-facebook.gif\",\"datePublished\":\"2015-04-08T10:45:56+00:00\",\"dateModified\":\"2025-07-01T13:35:07+00:00\",\"breadcrumb\":{\"@id\":\"https:\/\/www.klippitz.at\/sommer\/webfotopoint\/#breadcrumb\"},\"inLanguage\":\"de\",\"potentialAction\":[{\"@type\":\"ReadAction\",\"target\":[\"https:\/\/www.klippitz.at\/sommer\/webfotopoint\/\"]}]},{\"@type\":\"ImageObject\",\"inLanguage\":\"de\",\"@id\":\"https:\/\/www.klippitz.at\/sommer\/webfotopoint\/#primaryimage\",\"url\":\"http:\/\/www.klippitz.at\/sommer\/wp-content\/uploads\/2015\/04\/ico-facebook.gif\",\"contentUrl\":\"http:\/\/www.klippitz.at\/sommer\/wp-content\/uploads\/2015\/04\/ico-facebook.gif\"},{\"@type\":\"BreadcrumbList\",\"@id\":\"https:\/\/www.klippitz.at\/sommer\/webfotopoint\/#breadcrumb\",\"itemListElement\":[{\"@type\":\"ListItem\",\"position\":1,\"name\":\"Home\",\"item\":\"https:\/\/www.klippitz.at\/sommer\/home\/\"},{\"@type\":\"ListItem\",\"position\":2,\"name\":\"PhotoCam\"}]},{\"@type\":\"WebSite\",\"@id\":\"https:\/\/www.klippitz.at\/sommer\/#website\",\"url\":\"https:\/\/www.klippitz.at\/sommer\/\",\"name\":\"Schierlebniswelt Klippitzt\u00f6rl\",\"description\":\"Die K\u00e4rntner Schiregion zeigt sich im Sommer von ihrer sch\u00f6nsten Seite\",\"potentialAction\":[{\"@type\":\"SearchAction\",\"target\":{\"@type\":\"EntryPoint\",\"urlTemplate\":\"https:\/\/www.klippitz.at\/sommer\/?s={search_term_string}\"},\"query-input\":{\"@type\":\"PropertyValueSpecification\",\"valueRequired\":true,\"valueName\":\"search_term_string\"}}],\"inLanguage\":\"de\"}]}<\/script>\n<!-- \/ Yoast SEO plugin. -->","yoast_head_json":{"title":"PhotoCam - Schierlebniswelt Klippitzt\u00f6rl","robots":{"index":"index","follow":"follow","max-snippet":"max-snippet:-1","max-image-preview":"max-image-preview:large","max-video-preview":"max-video-preview:-1"},"canonical":"https:\/\/www.klippitz.at\/sommer\/webfotopoint\/","og_locale":"de_DE","og_type":"article","og_title":"PhotoCam - Schierlebniswelt Klippitzt\u00f6rl","og_url":"https:\/\/www.klippitz.at\/sommer\/webfotopoint\/","og_site_name":"Schierlebniswelt Klippitzt\u00f6rl","article_modified_time":"2025-07-01T13:35:07+00:00","og_image":[{"url":"http:\/\/www.klippitz.at\/sommer\/wp-content\/uploads\/2015\/04\/ico-facebook.gif","type":"","width":"","height":""}],"twitter_misc":{"Gesch\u00e4tzte Lesezeit":"2\u00a0Minuten"},"schema":{"@context":"https:\/\/schema.org","@graph":[{"@type":"WebPage","@id":"https:\/\/www.klippitz.at\/sommer\/webfotopoint\/","url":"https:\/\/www.klippitz.at\/sommer\/webfotopoint\/","name":"PhotoCam - Schierlebniswelt Klippitzt\u00f6rl","isPartOf":{"@id":"https:\/\/www.klippitz.at\/sommer\/#website"},"primaryImageOfPage":{"@id":"https:\/\/www.klippitz.at\/sommer\/webfotopoint\/#primaryimage"},"image":{"@id":"https:\/\/www.klippitz.at\/sommer\/webfotopoint\/#primaryimage"},"thumbnailUrl":"http:\/\/www.klippitz.at\/sommer\/wp-content\/uploads\/2015\/04\/ico-facebook.gif","datePublished":"2015-04-08T10:45:56+00:00","dateModified":"2025-07-01T13:35:07+00:00","breadcrumb":{"@id":"https:\/\/www.klippitz.at\/sommer\/webfotopoint\/#breadcrumb"},"inLanguage":"de","potentialAction":[{"@type":"ReadAction","target":["https:\/\/www.klippitz.at\/sommer\/webfotopoint\/"]}]},{"@type":"ImageObject","inLanguage":"de","@id":"https:\/\/www.klippitz.at\/sommer\/webfotopoint\/#primaryimage","url":"http:\/\/www.klippitz.at\/sommer\/wp-content\/uploads\/2015\/04\/ico-facebook.gif","contentUrl":"http:\/\/www.klippitz.at\/sommer\/wp-content\/uploads\/2015\/04\/ico-facebook.gif"},{"@type":"BreadcrumbList","@id":"https:\/\/www.klippitz.at\/sommer\/webfotopoint\/#breadcrumb","itemListElement":[{"@type":"ListItem","position":1,"name":"Home","item":"https:\/\/www.klippitz.at\/sommer\/home\/"},{"@type":"ListItem","position":2,"name":"PhotoCam"}]},{"@type":"WebSite","@id":"https:\/\/www.klippitz.at\/sommer\/#website","url":"https:\/\/www.klippitz.at\/sommer\/","name":"Schierlebniswelt Klippitzt\u00f6rl","description":"Die K\u00e4rntner Schiregion zeigt sich im Sommer von ihrer sch\u00f6nsten Seite","potentialAction":[{"@type":"SearchAction","target":{"@type":"EntryPoint","urlTemplate":"https:\/\/www.klippitz.at\/sommer\/?s={search_term_string}"},"query-input":{"@type":"PropertyValueSpecification","valueRequired":true,"valueName":"search_term_string"}}],"inLanguage":"de"}]}},"_links":{"self":[{"href":"https:\/\/www.klippitz.at\/sommer\/wp-json\/wp\/v2\/pages\/1539","targetHints":{"allow":["GET"]}}],"collection":[{"href":"https:\/\/www.klippitz.at\/sommer\/wp-json\/wp\/v2\/pages"}],"about":[{"href":"https:\/\/www.klippitz.at\/sommer\/wp-json\/wp\/v2\/types\/page"}],"author":[{"embeddable":true,"href":"https:\/\/www.klippitz.at\/sommer\/wp-json\/wp\/v2\/users\/1"}],"replies":[{"embeddable":true,"href":"https:\/\/www.klippitz.at\/sommer\/wp-json\/wp\/v2\/comments?post=1539"}],"version-history":[{"count":20,"href":"https:\/\/www.klippitz.at\/sommer\/wp-json\/wp\/v2\/pages\/1539\/revisions"}],"predecessor-version":[{"id":3660,"href":"https:\/\/www.klippitz.at\/sommer\/wp-json\/wp\/v2\/pages\/1539\/revisions\/3660"}],"wp:attachment":[{"href":"https:\/\/www.klippitz.at\/sommer\/wp-json\/wp\/v2\/media?parent=1539"}],"curies":[{"name":"wp","href":"https:\/\/api.w.org\/{rel}","templated":true}]}}